{"id":150,"date":"2022-11-30T19:54:42","date_gmt":"2022-12-01T00:54:42","guid":{"rendered":"https:\/\/creationsannebeauchemin.com\/wordpress\/?page_id=150"},"modified":"2026-03-29T17:30:43","modified_gmt":"2026-03-29T21:30:43","slug":"a-propos","status":"publish","type":"page","link":"https:\/\/creationsannebeauchemin.com\/wordpress\/a-propos\/","title":{"rendered":"\u00c0 propos"},"content":{"rendered":"<p><div class=\"fusion-fullwidth fullwidth-box fusion-builder-row-1 fusion-flex-container has-pattern-background has-mask-background fusion-parallax-none nonhundred-percent-fullwidth non-hundred-percent-height-scrolling\" style=\"--link_color: #ffffff;--awb-border-sizes-top:0px;--awb-border-sizes-bottom:0px;--awb-border-sizes-left:0px;--awb-border-sizes-right:0px;--awb-border-radius-top-left:0px;--awb-border-radius-top-right:0px;--awb-border-radius-bottom-right:0px;--awb-border-radius-bottom-left:0px;--awb-padding-top:6vw;--awb-padding-bottom:0px;--awb-margin-top:0px;--awb-margin-bottom:0px;--awb-background-color:#3d613f;--awb-background-image:linear-gradient(100deg, rgba(22,35,23,0.8) 0%,rgba(255,255,255,0) 73%),url(https:\/\/creationsannebeauchemin.com\/wordpress\/wp-content\/uploads\/2023\/01\/pexels-tima-miroshnichenko-6766247-1-scaled.jpg);;--awb-background-size:cover;--awb-flex-wrap:wrap;\" ><div class=\"fusion-builder-row fusion-row fusion-flex-align-items-center fusion-flex-content-wrap\" style=\"max-width:1248px;margin-left: calc(-4% \/ 2 );margin-right: calc(-4% \/ 2 );\"><div class=\"fusion-layout-column fusion_builder_column fusion-builder-column-0 fusion_builder_column_1_1 1_1 fusion-flex-column\" style=\"--awb-bg-size:cover;--awb-width-large:100%;--awb-margin-top-large:0px;--awb-spacing-right-large:1.92%;--awb-margin-bottom-large:0px;--awb-spacing-left-large:1.92%;--awb-width-medium:66.666666666667%;--awb-order-medium:0;--awb-spacing-right-medium:2.88%;--awb-spacing-left-medium:2.88%;--awb-width-small:100%;--awb-order-small:1;--awb-spacing-right-small:1.92%;--awb-spacing-left-small:1.92%;\"><div class=\"fusion-column-wrapper fusion-column-has-shadow fusion-flex-justify-content-flex-start fusion-content-layout-column\"><nav class=\"fusion-breadcrumbs awb-yoast-breadcrumbs fusion-breadcrumbs-1 fusion-animated\" style=\"--awb-margin-bottom:10px;--awb-text-hover-color:rgba(255,255,255,0.83);--awb-text-color:#ffffff;--awb-breadcrumb-sep:&#039;\/&#039;;\" aria-label=\"Breadcrumb\" data-animationType=\"fadeInUp\" data-animationDuration=\"0.8\" data-animationOffset=\"top-into-view\"><span><span><a href=\"https:\/\/creationsannebeauchemin.com\/wordpress\/\">Accueil<\/a><\/span><\/span><\/nav><div class=\"fusion-title title fusion-title-1 fusion-sep-none fusion-title-text fusion-title-size-one fusion-animated\" style=\"--awb-text-color:#ffffff;--awb-margin-bottom:0px;--awb-margin-top-small:10px;--awb-margin-right-small:0px;--awb-margin-bottom-small:20px;--awb-margin-left-small:0px;--awb-font-size:67px;\" data-animationType=\"fadeInUp\" data-animationDuration=\"0.8\" data-animationOffset=\"top-into-view\"><h1 class=\"fusion-title-heading title-heading-left fusion-responsive-typography-calculated\" style=\"font-family:&quot;Libre Baskerville&quot;;font-style:normal;font-weight:400;margin:0;text-transform:var(--awb-typography1-text-transform);font-size:1em;--fontSize:67;line-height:1.2;\">\u00c0 propos<\/h1><\/div><div class=\"fusion-section-separator section-separator slant fusion-section-separator-1\" style=\"--awb-spacer-height:99px;--awb-svg-margin-left:1.92%;--awb-svg-margin-right:1.92%;--awb-svg-margin-left-medium:2.88%;--awb-svg-margin-right-medium:2.88%;--awb-svg-margin-left-small:1.92%;--awb-svg-margin-right-small:1.92%;--awb-divider-height:99px;--awb-spacer-padding-top:inherit;--awb-sep-padding:0;--awb-svg-padding:0;--awb-svg-tag-margin-bottom:-3px;--awb-sep-svg-display:block;--awb-margin-top:6vw;\"><div class=\"fusion-section-separator-svg\"><svg class=\"fusion-slant-candy\" xmlns=\"http:\/\/www.w3.org\/2000\/svg\" version=\"1.1\" width=\"100%\" height=\"100\" viewBox=\"0 0 100 100\" preserveAspectRatio=\"none\" fill=\"rgba(242,251,242,1)\"><path d=\"M0 0 L0 100 L100 100 Z\"><\/path><\/svg><\/div><div class=\"fusion-section-separator-spacer\"><div class=\"fusion-section-separator-spacer-height\"><\/div><\/div><\/div><\/div><\/div><\/div><\/div><div class=\"fusion-fullwidth fullwidth-box fusion-builder-row-2 fusion-flex-container has-pattern-background has-mask-background nonhundred-percent-fullwidth non-hundred-percent-height-scrolling\" style=\"--awb-background-position:left bottom;--awb-border-color:#ffffff;--awb-border-radius-top-left:0px;--awb-border-radius-top-right:0px;--awb-border-radius-bottom-right:0px;--awb-border-radius-bottom-left:0px;--awb-padding-top:60px;--awb-padding-bottom:110px;--awb-padding-top-small:60px;--awb-padding-bottom-small:60px;--awb-margin-bottom:0px;--awb-background-color:#f2fbf2;--awb-flex-wrap:wrap;\" ><div class=\"fusion-builder-row fusion-row fusion-flex-align-items-center fusion-flex-justify-content-center fusion-flex-content-wrap\" style=\"max-width:calc( 1200px + 35px );margin-left: calc(-35px \/ 2 );margin-right: calc(-35px \/ 2 );\"><div class=\"fusion-layout-column fusion_builder_column fusion-builder-column-1 fusion_builder_column_1_3 1_3 fusion-flex-column\" style=\"--awb-bg-size:cover;--awb-width-large:33.333333333333%;--awb-margin-top-large:0px;--awb-spacing-right-large:17.5px;--awb-margin-bottom-large:20px;--awb-spacing-left-large:17.5px;--awb-width-medium:33.333333333333%;--awb-order-medium:0;--awb-spacing-right-medium:17.5px;--awb-spacing-left-medium:17.5px;--awb-width-small:100%;--awb-order-small:0;--awb-spacing-right-small:17.5px;--awb-spacing-left-small:17.5px;\"><div class=\"fusion-column-wrapper fusion-column-has-shadow fusion-flex-justify-content-flex-start fusion-content-layout-column\"><div class=\"fusion-image-element \" style=\"--awb-caption-title-font-family:var(--h2_typography-font-family);--awb-caption-title-font-weight:var(--h2_typography-font-weight);--awb-caption-title-font-style:var(--h2_typography-font-style);--awb-caption-title-size:var(--h2_typography-font-size);--awb-caption-title-transform:var(--h2_typography-text-transform);--awb-caption-title-line-height:var(--h2_typography-line-height);--awb-caption-title-letter-spacing:var(--h2_typography-letter-spacing);\"><span class=\" fusion-imageframe imageframe-none imageframe-1 hover-type-none\"><img decoding=\"async\" width=\"1707\" height=\"2560\" title=\"Anne_bureau\" src=\"https:\/\/creationsannebeauchemin.com\/wordpress\/wp-content\/uploads\/2026\/03\/Anne_bureau-scaled.jpg\" alt class=\"img-responsive wp-image-646\" srcset=\"https:\/\/creationsannebeauchemin.com\/wordpress\/wp-content\/uploads\/2026\/03\/Anne_bureau-200x300.jpg 200w, https:\/\/creationsannebeauchemin.com\/wordpress\/wp-content\/uploads\/2026\/03\/Anne_bureau-400x600.jpg 400w, https:\/\/creationsannebeauchemin.com\/wordpress\/wp-content\/uploads\/2026\/03\/Anne_bureau-600x900.jpg 600w, https:\/\/creationsannebeauchemin.com\/wordpress\/wp-content\/uploads\/2026\/03\/Anne_bureau-800x1200.jpg 800w, https:\/\/creationsannebeauchemin.com\/wordpress\/wp-content\/uploads\/2026\/03\/Anne_bureau-1200x1800.jpg 1200w, https:\/\/creationsannebeauchemin.com\/wordpress\/wp-content\/uploads\/2026\/03\/Anne_bureau-scaled.jpg 1707w\" sizes=\"(max-width: 640px) 100vw, 400px\" \/><\/span><\/div><\/div><\/div><div class=\"fusion-layout-column fusion_builder_column fusion-builder-column-2 fusion_builder_column_2_3 2_3 fusion-flex-column\" style=\"--awb-bg-size:cover;--awb-width-large:66.666666666667%;--awb-margin-top-large:0px;--awb-spacing-right-large:17.5px;--awb-margin-bottom-large:20px;--awb-spacing-left-large:17.5px;--awb-width-medium:66.666666666667%;--awb-order-medium:0;--awb-spacing-right-medium:17.5px;--awb-spacing-left-medium:17.5px;--awb-width-small:100%;--awb-order-small:0;--awb-spacing-right-small:17.5px;--awb-spacing-left-small:17.5px;\"><div class=\"fusion-column-wrapper fusion-column-has-shadow fusion-flex-justify-content-flex-start fusion-content-layout-column\"><div class=\"fusion-title title fusion-title-2 fusion-sep-none fusion-title-text fusion-title-size-three\" style=\"--awb-margin-top-small:10px;--awb-margin-right-small:0px;--awb-margin-bottom-small:10px;--awb-margin-left-small:0px;\"><h3 class=\"fusion-title-heading title-heading-left\" style=\"margin:0;\">Votre couturi\u00e8re mod\u00e9liste<\/h3><\/div><div class=\"fusion-text fusion-text-1\"><p>Anne Beauchemin a cr\u00e9\u00e9 cette entreprise individuelle pour partager sa grande passion pour la mode vestimentaire et vous faire d\u00e9couvrir le plaisir de porter des v\u00eatements cr\u00e9\u00e9s \u00e0 votre image. Elle poss\u00e8de une exp\u00e9rience de plus de 20 ans \u00e0 titre de couturi\u00e8re. Elle est tr\u00e8s cr\u00e9ative et son professionnalisme vous plaira \u00e0 coup s\u00fbr.<\/p>\n<p>Les valeurs de l&rsquo;entreprise permettent un \u00e9panouissement dans tous les niveaux de services offerts et se refl\u00e8tent dans toutes les activit\u00e9s quotidiennes.<\/p>\n<ul>\n<li>La cr\u00e9ativit\u00e9: sortir des sentiers battus et innover chaque jour<\/li>\n<li>La pro-activit\u00e9: s&rsquo;assurer de r\u00e9pondre au mieux aux attentes et besoins de nos clients<\/li>\n<li>Devenir meilleur: s&rsquo;efforcer constamment d&rsquo;en apprendre d&rsquo;avantage et d&rsquo;am\u00e9liorer ce que nous faisons et qui nous sommes<\/li>\n<\/ul>\n<\/div><\/div><\/div><\/div><\/div><\/p>\n","protected":false},"excerpt":{"rendered":"","protected":false},"author":1,"featured_media":0,"parent":0,"menu_order":0,"comment_status":"closed","ping_status":"closed","template":"100-width.php","meta":{"footnotes":""},"class_list":["post-150","page","type-page","status-publish","hentry"],"yoast_head":"<!-- This site is optimized with the Yoast SEO plugin v27.3 - https:\/\/yoast.com\/product\/yoast-seo-wordpress\/ -->\n<title>\u00c0 propos - Cr\u00e9ations Anne Beauchemin<\/title>\n<meta name=\"description\" content=\"Parlez nous de votre projet et de vos id\u00e9es, qui sait peut-\u00eatre verront-ils le jour! Contactez-nous d\u00e8s maintenant!\" \/>\n<meta name=\"robots\" content=\"index, follow, max-snippet:-1, max-image-preview:large, max-video-preview:-1\" \/>\n<link rel=\"canonical\" href=\"https:\/\/creationsannebeauchemin.com\/wordpress\/a-propos\/\" \/>\n<meta property=\"og:locale\" content=\"fr_CA\" \/>\n<meta property=\"og:type\" content=\"article\" \/>\n<meta property=\"og:title\" content=\"Les Cr\u00e9ations Anne Beauchemin\" \/>\n<meta property=\"og:description\" content=\"De la haute couture sur mesure\" \/>\n<meta property=\"og:url\" content=\"https:\/\/creationsannebeauchemin.com\/wordpress\/a-propos\/\" \/>\n<meta property=\"og:site_name\" content=\"Cr\u00e9ations Anne Beauchemin\" \/>\n<meta property=\"article:publisher\" content=\"https:\/\/www.facebook.com\/Creations-Anne-Beauchemin-101729951551536\/\" \/>\n<meta property=\"article:modified_time\" content=\"2026-03-29T21:30:43+00:00\" \/>\n<meta property=\"og:image\" content=\"https:\/\/creationsannebeauchemin.com\/wordpress\/wp-content\/uploads\/2023\/03\/Untitled.png\" \/>\n\t<meta property=\"og:image:width\" content=\"450\" \/>\n\t<meta property=\"og:image:height\" content=\"234\" \/>\n\t<meta property=\"og:image:type\" content=\"image\/png\" \/>\n<meta name=\"twitter:card\" content=\"summary_large_image\" \/>\n<meta name=\"twitter:title\" content=\"Les Cr\u00e9ations Anne Beauchemin\" \/>\n<meta name=\"twitter:description\" content=\"De la haute couture sur mesure\" \/>\n<meta name=\"twitter:image\" content=\"https:\/\/creationsannebeauchemin.com\/wordpress\/wp-content\/uploads\/2023\/03\/Untitled.png\" \/>\n<meta name=\"twitter:label1\" content=\"Estimation du temps de lecture\" \/>\n\t<meta name=\"twitter:data1\" content=\"5 minutes\" \/>\n<script type=\"application\/ld+json\" class=\"yoast-schema-graph\">{\"@context\":\"https:\\\/\\\/schema.org\",\"@graph\":[{\"@type\":\"WebPage\",\"@id\":\"https:\\\/\\\/creationsannebeauchemin.com\\\/wordpress\\\/a-propos\\\/\",\"url\":\"https:\\\/\\\/creationsannebeauchemin.com\\\/wordpress\\\/a-propos\\\/\",\"name\":\"\u00c0 propos - Cr\u00e9ations Anne Beauchemin\",\"isPartOf\":{\"@id\":\"https:\\\/\\\/creationsannebeauchemin.com\\\/wordpress\\\/#website\"},\"datePublished\":\"2022-12-01T00:54:42+00:00\",\"dateModified\":\"2026-03-29T21:30:43+00:00\",\"description\":\"Parlez nous de votre projet et de vos id\u00e9es, qui sait peut-\u00eatre verront-ils le jour! Contactez-nous d\u00e8s maintenant!\",\"breadcrumb\":{\"@id\":\"https:\\\/\\\/creationsannebeauchemin.com\\\/wordpress\\\/a-propos\\\/#breadcrumb\"},\"inLanguage\":\"fr-CA\",\"potentialAction\":[{\"@type\":\"ReadAction\",\"target\":[\"https:\\\/\\\/creationsannebeauchemin.com\\\/wordpress\\\/a-propos\\\/\"]}]},{\"@type\":\"BreadcrumbList\",\"@id\":\"https:\\\/\\\/creationsannebeauchemin.com\\\/wordpress\\\/a-propos\\\/#breadcrumb\",\"itemListElement\":[{\"@type\":\"ListItem\",\"position\":1,\"name\":\"Accueil\",\"item\":\"https:\\\/\\\/creationsannebeauchemin.com\\\/wordpress\\\/\"},{\"@type\":\"ListItem\",\"position\":2,\"name\":\"\u00c0 propos\"}]},{\"@type\":\"WebSite\",\"@id\":\"https:\\\/\\\/creationsannebeauchemin.com\\\/wordpress\\\/#website\",\"url\":\"https:\\\/\\\/creationsannebeauchemin.com\\\/wordpress\\\/\",\"name\":\"Cr\u00e9ations Anne Beauchemin\",\"description\":\"Couturi\u00e8re \\\/ Mod\u00e9liste\",\"publisher\":{\"@id\":\"https:\\\/\\\/creationsannebeauchemin.com\\\/wordpress\\\/#organization\"},\"potentialAction\":[{\"@type\":\"SearchAction\",\"target\":{\"@type\":\"EntryPoint\",\"urlTemplate\":\"https:\\\/\\\/creationsannebeauchemin.com\\\/wordpress\\\/?s={search_term_string}\"},\"query-input\":{\"@type\":\"PropertyValueSpecification\",\"valueRequired\":true,\"valueName\":\"search_term_string\"}}],\"inLanguage\":\"fr-CA\"},{\"@type\":\"Organization\",\"@id\":\"https:\\\/\\\/creationsannebeauchemin.com\\\/wordpress\\\/#organization\",\"name\":\"Cr\u00e9ations Anne Beauchemin\",\"url\":\"https:\\\/\\\/creationsannebeauchemin.com\\\/wordpress\\\/\",\"logo\":{\"@type\":\"ImageObject\",\"inLanguage\":\"fr-CA\",\"@id\":\"https:\\\/\\\/creationsannebeauchemin.com\\\/wordpress\\\/#\\\/schema\\\/logo\\\/image\\\/\",\"url\":\"https:\\\/\\\/creationsannebeauchemin.com\\\/wordpress\\\/wp-content\\\/uploads\\\/2022\\\/09\\\/banniere-e1662592181451.png\",\"contentUrl\":\"https:\\\/\\\/creationsannebeauchemin.com\\\/wordpress\\\/wp-content\\\/uploads\\\/2022\\\/09\\\/banniere-e1662592181451.png\",\"width\":230,\"height\":80,\"caption\":\"Cr\u00e9ations Anne Beauchemin\"},\"image\":{\"@id\":\"https:\\\/\\\/creationsannebeauchemin.com\\\/wordpress\\\/#\\\/schema\\\/logo\\\/image\\\/\"},\"sameAs\":[\"https:\\\/\\\/www.facebook.com\\\/Creations-Anne-Beauchemin-101729951551536\\\/\"]}]}<\/script>\n<!-- \/ Yoast SEO plugin. -->","yoast_head_json":{"title":"\u00c0 propos - Cr\u00e9ations Anne Beauchemin","description":"Parlez nous de votre projet et de vos id\u00e9es, qui sait peut-\u00eatre verront-ils le jour! Contactez-nous d\u00e8s maintenant!","robots":{"index":"index","follow":"follow","max-snippet":"max-snippet:-1","max-image-preview":"max-image-preview:large","max-video-preview":"max-video-preview:-1"},"canonical":"https:\/\/creationsannebeauchemin.com\/wordpress\/a-propos\/","og_locale":"fr_CA","og_type":"article","og_title":"Les Cr\u00e9ations Anne Beauchemin","og_description":"De la haute couture sur mesure","og_url":"https:\/\/creationsannebeauchemin.com\/wordpress\/a-propos\/","og_site_name":"Cr\u00e9ations Anne Beauchemin","article_publisher":"https:\/\/www.facebook.com\/Creations-Anne-Beauchemin-101729951551536\/","article_modified_time":"2026-03-29T21:30:43+00:00","og_image":[{"width":450,"height":234,"url":"https:\/\/creationsannebeauchemin.com\/wordpress\/wp-content\/uploads\/2023\/03\/Untitled.png","type":"image\/png"}],"twitter_card":"summary_large_image","twitter_title":"Les Cr\u00e9ations Anne Beauchemin","twitter_description":"De la haute couture sur mesure","twitter_image":"https:\/\/creationsannebeauchemin.com\/wordpress\/wp-content\/uploads\/2023\/03\/Untitled.png","twitter_misc":{"Estimation du temps de lecture":"5 minutes"},"schema":{"@context":"https:\/\/schema.org","@graph":[{"@type":"WebPage","@id":"https:\/\/creationsannebeauchemin.com\/wordpress\/a-propos\/","url":"https:\/\/creationsannebeauchemin.com\/wordpress\/a-propos\/","name":"\u00c0 propos - Cr\u00e9ations Anne Beauchemin","isPartOf":{"@id":"https:\/\/creationsannebeauchemin.com\/wordpress\/#website"},"datePublished":"2022-12-01T00:54:42+00:00","dateModified":"2026-03-29T21:30:43+00:00","description":"Parlez nous de votre projet et de vos id\u00e9es, qui sait peut-\u00eatre verront-ils le jour! Contactez-nous d\u00e8s maintenant!","breadcrumb":{"@id":"https:\/\/creationsannebeauchemin.com\/wordpress\/a-propos\/#breadcrumb"},"inLanguage":"fr-CA","potentialAction":[{"@type":"ReadAction","target":["https:\/\/creationsannebeauchemin.com\/wordpress\/a-propos\/"]}]},{"@type":"BreadcrumbList","@id":"https:\/\/creationsannebeauchemin.com\/wordpress\/a-propos\/#breadcrumb","itemListElement":[{"@type":"ListItem","position":1,"name":"Accueil","item":"https:\/\/creationsannebeauchemin.com\/wordpress\/"},{"@type":"ListItem","position":2,"name":"\u00c0 propos"}]},{"@type":"WebSite","@id":"https:\/\/creationsannebeauchemin.com\/wordpress\/#website","url":"https:\/\/creationsannebeauchemin.com\/wordpress\/","name":"Cr\u00e9ations Anne Beauchemin","description":"Couturi\u00e8re \/ Mod\u00e9liste","publisher":{"@id":"https:\/\/creationsannebeauchemin.com\/wordpress\/#organization"},"potentialAction":[{"@type":"SearchAction","target":{"@type":"EntryPoint","urlTemplate":"https:\/\/creationsannebeauchemin.com\/wordpress\/?s={search_term_string}"},"query-input":{"@type":"PropertyValueSpecification","valueRequired":true,"valueName":"search_term_string"}}],"inLanguage":"fr-CA"},{"@type":"Organization","@id":"https:\/\/creationsannebeauchemin.com\/wordpress\/#organization","name":"Cr\u00e9ations Anne Beauchemin","url":"https:\/\/creationsannebeauchemin.com\/wordpress\/","logo":{"@type":"ImageObject","inLanguage":"fr-CA","@id":"https:\/\/creationsannebeauchemin.com\/wordpress\/#\/schema\/logo\/image\/","url":"https:\/\/creationsannebeauchemin.com\/wordpress\/wp-content\/uploads\/2022\/09\/banniere-e1662592181451.png","contentUrl":"https:\/\/creationsannebeauchemin.com\/wordpress\/wp-content\/uploads\/2022\/09\/banniere-e1662592181451.png","width":230,"height":80,"caption":"Cr\u00e9ations Anne Beauchemin"},"image":{"@id":"https:\/\/creationsannebeauchemin.com\/wordpress\/#\/schema\/logo\/image\/"},"sameAs":["https:\/\/www.facebook.com\/Creations-Anne-Beauchemin-101729951551536\/"]}]}},"_links":{"self":[{"href":"https:\/\/creationsannebeauchemin.com\/wordpress\/wp-json\/wp\/v2\/pages\/150","targetHints":{"allow":["GET"]}}],"collection":[{"href":"https:\/\/creationsannebeauchemin.com\/wordpress\/wp-json\/wp\/v2\/pages"}],"about":[{"href":"https:\/\/creationsannebeauchemin.com\/wordpress\/wp-json\/wp\/v2\/types\/page"}],"author":[{"embeddable":true,"href":"https:\/\/creationsannebeauchemin.com\/wordpress\/wp-json\/wp\/v2\/users\/1"}],"replies":[{"embeddable":true,"href":"https:\/\/creationsannebeauchemin.com\/wordpress\/wp-json\/wp\/v2\/comments?post=150"}],"version-history":[{"count":9,"href":"https:\/\/creationsannebeauchemin.com\/wordpress\/wp-json\/wp\/v2\/pages\/150\/revisions"}],"predecessor-version":[{"id":649,"href":"https:\/\/creationsannebeauchemin.com\/wordpress\/wp-json\/wp\/v2\/pages\/150\/revisions\/649"}],"wp:attachment":[{"href":"https:\/\/creationsannebeauchemin.com\/wordpress\/wp-json\/wp\/v2\/media?parent=150"}],"curies":[{"name":"wp","href":"https:\/\/api.w.org\/{rel}","templated":true}]}}