{"id":602,"date":"2025-09-28T18:07:07","date_gmt":"2025-09-28T22:07:07","guid":{"rendered":"https:\/\/creationsannebeauchemin.com\/wordpress\/?post_type=product&#038;p=602"},"modified":"2026-01-12T11:06:58","modified_gmt":"2026-01-12T16:06:58","slug":"atelier-reparation-de-vetements","status":"publish","type":"product","link":"https:\/\/creationsannebeauchemin.com\/wordpress\/produit\/atelier-reparation-de-vetements\/","title":{"rendered":"Atelier en session priv\u00e9e"},"content":{"rendered":"<p style=\"font-weight: 400;\">Pr\u00e9requis\u00a0: Aucun. Se cour s\u2019adresse autant au d\u00e9butant qu\u2019\u00e0 l\u2019interm\u00e9diaire ou l\u2019avanc\u00e9. Il est fait sur mesure pour r\u00e9pondre \u00e0 vos besoins sp\u00e9cifiques.<\/p>\n<p style=\"font-weight: 400;\">Cet atelier a pour but de vous guider dans la r\u00e9alisation de votre projet ou de vous aider \u00e0 d\u00e9bloquer votre projet de couture. Nous r\u00e9pondrons \u00e0 vos questions et vous donnerons les trucs appropri\u00e9s pour avancer et terminer votre projet de couture tel jupe, pantalon, chandail, robe, chemise, veston et autres.<\/p>\n<p style=\"font-weight: 400;\"><strong><u>Mat\u00e9riel requis\u00a0:<\/u><\/strong><\/p>\n<p style=\"font-weight: 400;\">Votre projet, instruction, s\u2019il y a lieu, et le mat\u00e9riel n\u00e9cessaire pour le r\u00e9aliser.<\/p>\n<p style=\"font-weight: 400;\">Bloc d\u2019une heure\u00a0: 45$.<\/p>\n<p style=\"font-weight: 400;\">Certains projets plus complexes peuvent n\u00e9cessiter plus de temps. Des rendez-vous subs\u00e9quents pourront \u00eatre planifi\u00e9s selon vos besoins sur place.<\/p>\n<p style=\"font-weight: 400;\">R\u00e9server votre place.<\/p>\n<p style=\"font-weight: 400;\">Bloc d\u2019une heure<\/p>\n<p style=\"font-weight: 400;\">Plages horaires disponibles<\/p>\n<table style=\"font-weight: 400;\">\n<tbody>\n<tr>\n<td width=\"360\">Les mercredis<\/td>\n<td width=\"360\">Les samedis<\/td>\n<\/tr>\n<tr>\n<td width=\"360\">09h00 \u00e0 10h00<\/td>\n<td width=\"360\">10h00 \u00e0 11h00<\/td>\n<\/tr>\n<tr>\n<td width=\"360\">10h30 \u00e0 11h30<\/td>\n<td width=\"360\">11h30 \u00e0 12h30<\/td>\n<\/tr>\n<tr>\n<td width=\"360\">13h00 \u00e0 14h00<\/td>\n<td width=\"360\"><\/td>\n<\/tr>\n<tr>\n<td width=\"360\">14h30 \u00e0 15h30<\/td>\n<td width=\"360\"><\/td>\n<\/tr>\n<\/tbody>\n<\/table>\n<p style=\"font-weight: 400;\">Important\u00a0: Bien vouloir nous donner la date et l\u2019heure d\u00e9sir\u00e9es et votre num\u00e9ro de t\u00e9l\u00e9phone dans les notes suppl\u00e9mentaires dans la confirmation de commande. Vous serez contact\u00e9 par courriel pour valider la date et l\u2019heure de votre atelier.<\/p>\n<p style=\"font-weight: 400;\">D\u2019autres plages horaires pourraient \u00eatre ajout\u00e9es au besoin. Pour plus d\u2019information \u00e0 ce sujet, communiquer avec nous.<\/p>\n<p style=\"font-weight: 400;\">Note\u00a0: Les politiques demeurent les m\u00eames.<\/p>\n<p>&nbsp;<\/p>\n","protected":false},"excerpt":{"rendered":"<p>Pr\u00e9requis\u00a0: Aucun. Se cour s\u2019adresse autant au d\u00e9butant qu\u2019\u00e0 l\u2019interm\u00e9diaire  [&#8230;]<\/p>\n","protected":false},"featured_media":389,"template":"","meta":[],"product_brand":[],"product_cat":[28,27],"product_tag":[],"class_list":{"0":"post-602","1":"product","2":"type-product","3":"status-publish","4":"has-post-thumbnail","6":"product_cat-ateliers","7":"product_cat-non-classe","9":"first","10":"instock","11":"shipping-taxable","12":"purchasable","13":"product-type-simple"},"yoast_head":"<!-- This site is optimized with the Yoast SEO plugin v27.3 - https:\/\/yoast.com\/product\/yoast-seo-wordpress\/ -->\n<title>Atelier en session priv\u00e9e - Cr\u00e9ations Anne Beauchemin<\/title>\n<meta name=\"robots\" content=\"index, follow, max-snippet:-1, max-image-preview:large, max-video-preview:-1\" \/>\n<link rel=\"canonical\" href=\"https:\/\/creationsannebeauchemin.com\/wordpress\/produit\/atelier-reparation-de-vetements\/\" \/>\n<meta property=\"og:locale\" content=\"fr_CA\" \/>\n<meta property=\"og:type\" content=\"article\" \/>\n<meta property=\"og:title\" content=\"Atelier en session priv\u00e9e - Cr\u00e9ations Anne Beauchemin\" \/>\n<meta property=\"og:description\" content=\"Pr\u00e9requis\u00a0: Aucun. Se cour s\u2019adresse autant au d\u00e9butant qu\u2019\u00e0 l\u2019interm\u00e9diaire [...]\" \/>\n<meta property=\"og:url\" content=\"https:\/\/creationsannebeauchemin.com\/wordpress\/produit\/atelier-reparation-de-vetements\/\" \/>\n<meta property=\"og:site_name\" content=\"Cr\u00e9ations Anne Beauchemin\" \/>\n<meta property=\"article:publisher\" content=\"https:\/\/www.facebook.com\/Creations-Anne-Beauchemin-101729951551536\/\" \/>\n<meta property=\"article:modified_time\" content=\"2026-01-12T16:06:58+00:00\" \/>\n<meta property=\"og:image\" content=\"https:\/\/creationsannebeauchemin.com\/wordpress\/wp-content\/uploads\/2023\/03\/pexels-wendy-van-zyl-1212179_optimized-scaled.jpg\" \/>\n\t<meta property=\"og:image:width\" content=\"2560\" \/>\n\t<meta property=\"og:image:height\" content=\"1706\" \/>\n\t<meta property=\"og:image:type\" content=\"image\/jpeg\" \/>\n<meta name=\"twitter:card\" content=\"summary_large_image\" \/>\n<meta name=\"twitter:label1\" content=\"Estimation du temps de lecture\" \/>\n\t<meta name=\"twitter:data1\" content=\"2 minutes\" \/>\n<script type=\"application\/ld+json\" class=\"yoast-schema-graph\">{\"@context\":\"https:\\\/\\\/schema.org\",\"@graph\":[{\"@type\":\"WebPage\",\"@id\":\"https:\\\/\\\/creationsannebeauchemin.com\\\/wordpress\\\/produit\\\/atelier-reparation-de-vetements\\\/\",\"url\":\"https:\\\/\\\/creationsannebeauchemin.com\\\/wordpress\\\/produit\\\/atelier-reparation-de-vetements\\\/\",\"name\":\"Atelier en session priv\u00e9e - Cr\u00e9ations Anne Beauchemin\",\"isPartOf\":{\"@id\":\"https:\\\/\\\/creationsannebeauchemin.com\\\/wordpress\\\/#website\"},\"primaryImageOfPage\":{\"@id\":\"https:\\\/\\\/creationsannebeauchemin.com\\\/wordpress\\\/produit\\\/atelier-reparation-de-vetements\\\/#primaryimage\"},\"image\":{\"@id\":\"https:\\\/\\\/creationsannebeauchemin.com\\\/wordpress\\\/produit\\\/atelier-reparation-de-vetements\\\/#primaryimage\"},\"thumbnailUrl\":\"https:\\\/\\\/creationsannebeauchemin.com\\\/wordpress\\\/wp-content\\\/uploads\\\/2023\\\/03\\\/pexels-wendy-van-zyl-1212179_optimized-scaled.jpg\",\"datePublished\":\"2025-09-28T22:07:07+00:00\",\"dateModified\":\"2026-01-12T16:06:58+00:00\",\"breadcrumb\":{\"@id\":\"https:\\\/\\\/creationsannebeauchemin.com\\\/wordpress\\\/produit\\\/atelier-reparation-de-vetements\\\/#breadcrumb\"},\"inLanguage\":\"fr-CA\",\"potentialAction\":[{\"@type\":\"ReadAction\",\"target\":[\"https:\\\/\\\/creationsannebeauchemin.com\\\/wordpress\\\/produit\\\/atelier-reparation-de-vetements\\\/\"]}]},{\"@type\":\"ImageObject\",\"inLanguage\":\"fr-CA\",\"@id\":\"https:\\\/\\\/creationsannebeauchemin.com\\\/wordpress\\\/produit\\\/atelier-reparation-de-vetements\\\/#primaryimage\",\"url\":\"https:\\\/\\\/creationsannebeauchemin.com\\\/wordpress\\\/wp-content\\\/uploads\\\/2023\\\/03\\\/pexels-wendy-van-zyl-1212179_optimized-scaled.jpg\",\"contentUrl\":\"https:\\\/\\\/creationsannebeauchemin.com\\\/wordpress\\\/wp-content\\\/uploads\\\/2023\\\/03\\\/pexels-wendy-van-zyl-1212179_optimized-scaled.jpg\",\"width\":2560,\"height\":1706,\"caption\":\"bobines de fil \u00e0 coudre\"},{\"@type\":\"BreadcrumbList\",\"@id\":\"https:\\\/\\\/creationsannebeauchemin.com\\\/wordpress\\\/produit\\\/atelier-reparation-de-vetements\\\/#breadcrumb\",\"itemListElement\":[{\"@type\":\"ListItem\",\"position\":1,\"name\":\"Accueil\",\"item\":\"https:\\\/\\\/creationsannebeauchemin.com\\\/wordpress\\\/\"},{\"@type\":\"ListItem\",\"position\":2,\"name\":\"Boutique\",\"item\":\"https:\\\/\\\/creationsannebeauchemin.com\\\/wordpress\\\/boutique\\\/\"},{\"@type\":\"ListItem\",\"position\":3,\"name\":\"Atelier en session priv\u00e9e\"}]},{\"@type\":\"WebSite\",\"@id\":\"https:\\\/\\\/creationsannebeauchemin.com\\\/wordpress\\\/#website\",\"url\":\"https:\\\/\\\/creationsannebeauchemin.com\\\/wordpress\\\/\",\"name\":\"Cr\u00e9ations Anne Beauchemin\",\"description\":\"Couturi\u00e8re \\\/ Mod\u00e9liste\",\"publisher\":{\"@id\":\"https:\\\/\\\/creationsannebeauchemin.com\\\/wordpress\\\/#organization\"},\"potentialAction\":[{\"@type\":\"SearchAction\",\"target\":{\"@type\":\"EntryPoint\",\"urlTemplate\":\"https:\\\/\\\/creationsannebeauchemin.com\\\/wordpress\\\/?s={search_term_string}\"},\"query-input\":{\"@type\":\"PropertyValueSpecification\",\"valueRequired\":true,\"valueName\":\"search_term_string\"}}],\"inLanguage\":\"fr-CA\"},{\"@type\":\"Organization\",\"@id\":\"https:\\\/\\\/creationsannebeauchemin.com\\\/wordpress\\\/#organization\",\"name\":\"Cr\u00e9ations Anne Beauchemin\",\"url\":\"https:\\\/\\\/creationsannebeauchemin.com\\\/wordpress\\\/\",\"logo\":{\"@type\":\"ImageObject\",\"inLanguage\":\"fr-CA\",\"@id\":\"https:\\\/\\\/creationsannebeauchemin.com\\\/wordpress\\\/#\\\/schema\\\/logo\\\/image\\\/\",\"url\":\"https:\\\/\\\/creationsannebeauchemin.com\\\/wordpress\\\/wp-content\\\/uploads\\\/2022\\\/09\\\/banniere-e1662592181451.png\",\"contentUrl\":\"https:\\\/\\\/creationsannebeauchemin.com\\\/wordpress\\\/wp-content\\\/uploads\\\/2022\\\/09\\\/banniere-e1662592181451.png\",\"width\":230,\"height\":80,\"caption\":\"Cr\u00e9ations Anne Beauchemin\"},\"image\":{\"@id\":\"https:\\\/\\\/creationsannebeauchemin.com\\\/wordpress\\\/#\\\/schema\\\/logo\\\/image\\\/\"},\"sameAs\":[\"https:\\\/\\\/www.facebook.com\\\/Creations-Anne-Beauchemin-101729951551536\\\/\"]}]}<\/script>\n<!-- \/ Yoast SEO plugin. -->","yoast_head_json":{"title":"Atelier en session priv\u00e9e - Cr\u00e9ations Anne Beauchemin","robots":{"index":"index","follow":"follow","max-snippet":"max-snippet:-1","max-image-preview":"max-image-preview:large","max-video-preview":"max-video-preview:-1"},"canonical":"https:\/\/creationsannebeauchemin.com\/wordpress\/produit\/atelier-reparation-de-vetements\/","og_locale":"fr_CA","og_type":"article","og_title":"Atelier en session priv\u00e9e - Cr\u00e9ations Anne Beauchemin","og_description":"Pr\u00e9requis\u00a0: Aucun. Se cour s\u2019adresse autant au d\u00e9butant qu\u2019\u00e0 l\u2019interm\u00e9diaire [...]","og_url":"https:\/\/creationsannebeauchemin.com\/wordpress\/produit\/atelier-reparation-de-vetements\/","og_site_name":"Cr\u00e9ations Anne Beauchemin","article_publisher":"https:\/\/www.facebook.com\/Creations-Anne-Beauchemin-101729951551536\/","article_modified_time":"2026-01-12T16:06:58+00:00","og_image":[{"width":2560,"height":1706,"url":"https:\/\/creationsannebeauchemin.com\/wordpress\/wp-content\/uploads\/2023\/03\/pexels-wendy-van-zyl-1212179_optimized-scaled.jpg","type":"image\/jpeg"}],"twitter_card":"summary_large_image","twitter_misc":{"Estimation du temps de lecture":"2 minutes"},"schema":{"@context":"https:\/\/schema.org","@graph":[{"@type":"WebPage","@id":"https:\/\/creationsannebeauchemin.com\/wordpress\/produit\/atelier-reparation-de-vetements\/","url":"https:\/\/creationsannebeauchemin.com\/wordpress\/produit\/atelier-reparation-de-vetements\/","name":"Atelier en session priv\u00e9e - Cr\u00e9ations Anne Beauchemin","isPartOf":{"@id":"https:\/\/creationsannebeauchemin.com\/wordpress\/#website"},"primaryImageOfPage":{"@id":"https:\/\/creationsannebeauchemin.com\/wordpress\/produit\/atelier-reparation-de-vetements\/#primaryimage"},"image":{"@id":"https:\/\/creationsannebeauchemin.com\/wordpress\/produit\/atelier-reparation-de-vetements\/#primaryimage"},"thumbnailUrl":"https:\/\/creationsannebeauchemin.com\/wordpress\/wp-content\/uploads\/2023\/03\/pexels-wendy-van-zyl-1212179_optimized-scaled.jpg","datePublished":"2025-09-28T22:07:07+00:00","dateModified":"2026-01-12T16:06:58+00:00","breadcrumb":{"@id":"https:\/\/creationsannebeauchemin.com\/wordpress\/produit\/atelier-reparation-de-vetements\/#breadcrumb"},"inLanguage":"fr-CA","potentialAction":[{"@type":"ReadAction","target":["https:\/\/creationsannebeauchemin.com\/wordpress\/produit\/atelier-reparation-de-vetements\/"]}]},{"@type":"ImageObject","inLanguage":"fr-CA","@id":"https:\/\/creationsannebeauchemin.com\/wordpress\/produit\/atelier-reparation-de-vetements\/#primaryimage","url":"https:\/\/creationsannebeauchemin.com\/wordpress\/wp-content\/uploads\/2023\/03\/pexels-wendy-van-zyl-1212179_optimized-scaled.jpg","contentUrl":"https:\/\/creationsannebeauchemin.com\/wordpress\/wp-content\/uploads\/2023\/03\/pexels-wendy-van-zyl-1212179_optimized-scaled.jpg","width":2560,"height":1706,"caption":"bobines de fil \u00e0 coudre"},{"@type":"BreadcrumbList","@id":"https:\/\/creationsannebeauchemin.com\/wordpress\/produit\/atelier-reparation-de-vetements\/#breadcrumb","itemListElement":[{"@type":"ListItem","position":1,"name":"Accueil","item":"https:\/\/creationsannebeauchemin.com\/wordpress\/"},{"@type":"ListItem","position":2,"name":"Boutique","item":"https:\/\/creationsannebeauchemin.com\/wordpress\/boutique\/"},{"@type":"ListItem","position":3,"name":"Atelier en session priv\u00e9e"}]},{"@type":"WebSite","@id":"https:\/\/creationsannebeauchemin.com\/wordpress\/#website","url":"https:\/\/creationsannebeauchemin.com\/wordpress\/","name":"Cr\u00e9ations Anne Beauchemin","description":"Couturi\u00e8re \/ Mod\u00e9liste","publisher":{"@id":"https:\/\/creationsannebeauchemin.com\/wordpress\/#organization"},"potentialAction":[{"@type":"SearchAction","target":{"@type":"EntryPoint","urlTemplate":"https:\/\/creationsannebeauchemin.com\/wordpress\/?s={search_term_string}"},"query-input":{"@type":"PropertyValueSpecification","valueRequired":true,"valueName":"search_term_string"}}],"inLanguage":"fr-CA"},{"@type":"Organization","@id":"https:\/\/creationsannebeauchemin.com\/wordpress\/#organization","name":"Cr\u00e9ations Anne Beauchemin","url":"https:\/\/creationsannebeauchemin.com\/wordpress\/","logo":{"@type":"ImageObject","inLanguage":"fr-CA","@id":"https:\/\/creationsannebeauchemin.com\/wordpress\/#\/schema\/logo\/image\/","url":"https:\/\/creationsannebeauchemin.com\/wordpress\/wp-content\/uploads\/2022\/09\/banniere-e1662592181451.png","contentUrl":"https:\/\/creationsannebeauchemin.com\/wordpress\/wp-content\/uploads\/2022\/09\/banniere-e1662592181451.png","width":230,"height":80,"caption":"Cr\u00e9ations Anne Beauchemin"},"image":{"@id":"https:\/\/creationsannebeauchemin.com\/wordpress\/#\/schema\/logo\/image\/"},"sameAs":["https:\/\/www.facebook.com\/Creations-Anne-Beauchemin-101729951551536\/"]}]}},"_links":{"self":[{"href":"https:\/\/creationsannebeauchemin.com\/wordpress\/wp-json\/wp\/v2\/product\/602","targetHints":{"allow":["GET"]}}],"collection":[{"href":"https:\/\/creationsannebeauchemin.com\/wordpress\/wp-json\/wp\/v2\/product"}],"about":[{"href":"https:\/\/creationsannebeauchemin.com\/wordpress\/wp-json\/wp\/v2\/types\/product"}],"wp:featuredmedia":[{"embeddable":true,"href":"https:\/\/creationsannebeauchemin.com\/wordpress\/wp-json\/wp\/v2\/media\/389"}],"wp:attachment":[{"href":"https:\/\/creationsannebeauchemin.com\/wordpress\/wp-json\/wp\/v2\/media?parent=602"}],"wp:term":[{"taxonomy":"product_brand","embeddable":true,"href":"https:\/\/creationsannebeauchemin.com\/wordpress\/wp-json\/wp\/v2\/product_brand?post=602"},{"taxonomy":"product_cat","embeddable":true,"href":"https:\/\/creationsannebeauchemin.com\/wordpress\/wp-json\/wp\/v2\/product_cat?post=602"},{"taxonomy":"product_tag","embeddable":true,"href":"https:\/\/creationsannebeauchemin.com\/wordpress\/wp-json\/wp\/v2\/product_tag?post=602"}],"curies":[{"name":"wp","href":"https:\/\/api.w.org\/{rel}","templated":true}]}}