{"id":603,"date":"2025-09-28T18:08:40","date_gmt":"2025-09-28T22:08:40","guid":{"rendered":"https:\/\/creationsannebeauchemin.com\/wordpress\/?post_type=product&#038;p=603"},"modified":"2026-01-12T11:03:59","modified_gmt":"2026-01-12T16:03:59","slug":"atelier-les-bases-du-patronage-intermediaire-et-avance","status":"publish","type":"product","link":"https:\/\/creationsannebeauchemin.com\/wordpress\/produit\/atelier-les-bases-du-patronage-intermediaire-et-avance\/","title":{"rendered":"Initiation et utilisation d\u2019une machine \u00e0 coudre"},"content":{"rendered":"<p style=\"font-weight: 400;\">Cet atelier s\u2019adresse \u00e0 toutes les personnes qui n\u2019ont jamais cousu et qui veulent apprendre les bases de fonctionnement de la machine \u00e0 coudre peu importe le mod\u00e8le ou toute personne voulant explorer l\u2019art de la couture.<\/p>\n<p style=\"font-weight: 400;\">OU<\/p>\n<p style=\"font-weight: 400;\">Vous poss\u00e9dez ou venez d\u2019acheter une machine \u00e0 coudre, une surjeteuse, une combin\u00e9e surjet et point de recouvrement? Vous avez besoin d\u2019aide pour l\u2019utilisation de cette machine? Cet atelier r\u00e9pondra \u00e0 vos questions et vous aidera \u00e0 utiliser votre machine pour que vous puissiez pleinement en profiter.<\/p>\n<p style=\"font-weight: 400;\">Le cours a pour but de vous apprendre les bases du fonctionnement de la machine \u00e0 coudre et ses diff\u00e9rents r\u00e9glages. Tout ce dont vous avez besoin de savoir pour faire vos projets de couture. Vous apprendrez, entre autres, les points de base utilis\u00e9s dans la r\u00e9alisation de projets de couture et vous ferez des exercices pratiques.<\/p>\n<p style=\"font-weight: 400;\">Mat\u00e9riel inclus\u00a0:<\/p>\n<ul>\n<li>Tissu pour les exercices pratiques<\/li>\n<li>R\u00e9sum\u00e9 des informations importantes \u00e0 retenir.<\/li>\n<\/ul>\n<p style=\"font-weight: 400;\"><strong><u>Si vous n\u2019avez pas de machine \u00e0 coudre et voulez explorer le monde de la couture\u00a0:<\/u><\/strong><\/p>\n<ul>\n<li>Une machine \u00e0 coudre sera mise \u00e0 votre disposition pour la dur\u00e9e du cours.<\/li>\n<\/ul>\n<p style=\"font-weight: 400;\">Mat\u00e9riel requis (pour utilisation de votre machine \u00e0 coudre):<\/p>\n<ul>\n<li>Votre machine \u00e0 coudre avec les accessoires (incluant les cannettes et les fils de branchement)<\/li>\n<li>Bobines de fil en fonction de la capacit\u00e9 de votre machine<\/li>\n<li>Livre d\u2019instruction de la machine<\/li>\n<\/ul>\n<p style=\"font-weight: 400;\">Bloc de 3 heures\u00a0: 89$.<\/p>\n<p style=\"font-weight: 400;\">R\u00e9server votre place!<\/p>\n<p style=\"font-weight: 400;\">Plages horaires disponibles<\/p>\n<table style=\"font-weight: 400;\">\n<tbody>\n<tr>\n<td width=\"360\">Les vendredis<\/td>\n<td width=\"360\">Les samedis<\/td>\n<\/tr>\n<tr>\n<td width=\"360\">09h00 \u00e0 12h00<\/td>\n<td width=\"360\">13h30 \u00e0 16h30<\/td>\n<\/tr>\n<tr>\n<td width=\"360\">13h30 \u00e0 16h30<\/td>\n<td width=\"360\"><\/td>\n<\/tr>\n<\/tbody>\n<\/table>\n<p style=\"font-weight: 400;\"><strong>Important: Bien vouloir nous donner la date d\u00e9sir\u00e9e et votre num\u00e9ro de t\u00e9l\u00e9phone dans les notes suppl\u00e9mentaires dans la confirmation de commande. Vous serez contact\u00e9 par courriel pour valider la date et l\u2019heure de votre atelier. Une confirmation de r\u00e9servation vous sera envoy\u00e9e par courriel.<\/strong><\/p>\n<p style=\"font-weight: 400;\">D\u2019autres plages horaires pourraient \u00eatre ajout\u00e9es au besoin. Pour plus d\u2019information \u00e0 ce sujet, communiquer avec nous.<\/p>\n","protected":false},"excerpt":{"rendered":"<p>Cet atelier s\u2019adresse \u00e0 toutes les personnes qui n\u2019ont jamais  [&#8230;]<\/p>\n","protected":false},"featured_media":421,"template":"","meta":[],"product_brand":[],"product_cat":[28,27],"product_tag":[],"class_list":{"0":"post-603","1":"product","2":"type-product","3":"status-publish","4":"has-post-thumbnail","6":"product_cat-ateliers","7":"product_cat-non-classe","9":"first","10":"instock","11":"shipping-taxable","12":"purchasable","13":"product-type-simple"},"yoast_head":"<!-- This site is optimized with the Yoast SEO plugin v27.3 - https:\/\/yoast.com\/product\/yoast-seo-wordpress\/ -->\n<title>Initiation et utilisation d\u2019une machine \u00e0 coudre - Cr\u00e9ations Anne Beauchemin<\/title>\n<meta name=\"robots\" content=\"index, follow, max-snippet:-1, max-image-preview:large, max-video-preview:-1\" \/>\n<link rel=\"canonical\" href=\"https:\/\/creationsannebeauchemin.com\/wordpress\/produit\/atelier-les-bases-du-patronage-intermediaire-et-avance\/\" \/>\n<meta property=\"og:locale\" content=\"fr_CA\" \/>\n<meta property=\"og:type\" content=\"article\" \/>\n<meta property=\"og:title\" content=\"Initiation et utilisation d\u2019une machine \u00e0 coudre - Cr\u00e9ations Anne Beauchemin\" \/>\n<meta property=\"og:description\" content=\"Cet atelier s\u2019adresse \u00e0 toutes les personnes qui n\u2019ont jamais [...]\" \/>\n<meta property=\"og:url\" content=\"https:\/\/creationsannebeauchemin.com\/wordpress\/produit\/atelier-les-bases-du-patronage-intermediaire-et-avance\/\" \/>\n<meta property=\"og:site_name\" content=\"Cr\u00e9ations Anne Beauchemin\" \/>\n<meta property=\"article:publisher\" content=\"https:\/\/www.facebook.com\/Creations-Anne-Beauchemin-101729951551536\/\" \/>\n<meta property=\"article:modified_time\" content=\"2026-01-12T16:03:59+00:00\" \/>\n<meta property=\"og:image\" content=\"https:\/\/creationsannebeauchemin.com\/wordpress\/wp-content\/uploads\/2023\/03\/IMG_7453.jpg\" \/>\n\t<meta property=\"og:image:width\" content=\"1365\" \/>\n\t<meta property=\"og:image:height\" content=\"2048\" \/>\n\t<meta property=\"og:image:type\" content=\"image\/jpeg\" \/>\n<meta name=\"twitter:card\" content=\"summary_large_image\" \/>\n<meta name=\"twitter:label1\" content=\"Estimation du temps de lecture\" \/>\n\t<meta name=\"twitter:data1\" content=\"2 minutes\" \/>\n<script type=\"application\/ld+json\" class=\"yoast-schema-graph\">{\"@context\":\"https:\\\/\\\/schema.org\",\"@graph\":[{\"@type\":\"WebPage\",\"@id\":\"https:\\\/\\\/creationsannebeauchemin.com\\\/wordpress\\\/produit\\\/atelier-les-bases-du-patronage-intermediaire-et-avance\\\/\",\"url\":\"https:\\\/\\\/creationsannebeauchemin.com\\\/wordpress\\\/produit\\\/atelier-les-bases-du-patronage-intermediaire-et-avance\\\/\",\"name\":\"Initiation et utilisation d\u2019une machine \u00e0 coudre - Cr\u00e9ations Anne Beauchemin\",\"isPartOf\":{\"@id\":\"https:\\\/\\\/creationsannebeauchemin.com\\\/wordpress\\\/#website\"},\"primaryImageOfPage\":{\"@id\":\"https:\\\/\\\/creationsannebeauchemin.com\\\/wordpress\\\/produit\\\/atelier-les-bases-du-patronage-intermediaire-et-avance\\\/#primaryimage\"},\"image\":{\"@id\":\"https:\\\/\\\/creationsannebeauchemin.com\\\/wordpress\\\/produit\\\/atelier-les-bases-du-patronage-intermediaire-et-avance\\\/#primaryimage\"},\"thumbnailUrl\":\"https:\\\/\\\/creationsannebeauchemin.com\\\/wordpress\\\/wp-content\\\/uploads\\\/2023\\\/03\\\/IMG_7453.jpg\",\"datePublished\":\"2025-09-28T22:08:40+00:00\",\"dateModified\":\"2026-01-12T16:03:59+00:00\",\"breadcrumb\":{\"@id\":\"https:\\\/\\\/creationsannebeauchemin.com\\\/wordpress\\\/produit\\\/atelier-les-bases-du-patronage-intermediaire-et-avance\\\/#breadcrumb\"},\"inLanguage\":\"fr-CA\",\"potentialAction\":[{\"@type\":\"ReadAction\",\"target\":[\"https:\\\/\\\/creationsannebeauchemin.com\\\/wordpress\\\/produit\\\/atelier-les-bases-du-patronage-intermediaire-et-avance\\\/\"]}]},{\"@type\":\"ImageObject\",\"inLanguage\":\"fr-CA\",\"@id\":\"https:\\\/\\\/creationsannebeauchemin.com\\\/wordpress\\\/produit\\\/atelier-les-bases-du-patronage-intermediaire-et-avance\\\/#primaryimage\",\"url\":\"https:\\\/\\\/creationsannebeauchemin.com\\\/wordpress\\\/wp-content\\\/uploads\\\/2023\\\/03\\\/IMG_7453.jpg\",\"contentUrl\":\"https:\\\/\\\/creationsannebeauchemin.com\\\/wordpress\\\/wp-content\\\/uploads\\\/2023\\\/03\\\/IMG_7453.jpg\",\"width\":1365,\"height\":2048,\"caption\":\"Atelier de couture\"},{\"@type\":\"BreadcrumbList\",\"@id\":\"https:\\\/\\\/creationsannebeauchemin.com\\\/wordpress\\\/produit\\\/atelier-les-bases-du-patronage-intermediaire-et-avance\\\/#breadcrumb\",\"itemListElement\":[{\"@type\":\"ListItem\",\"position\":1,\"name\":\"Accueil\",\"item\":\"https:\\\/\\\/creationsannebeauchemin.com\\\/wordpress\\\/\"},{\"@type\":\"ListItem\",\"position\":2,\"name\":\"Boutique\",\"item\":\"https:\\\/\\\/creationsannebeauchemin.com\\\/wordpress\\\/boutique\\\/\"},{\"@type\":\"ListItem\",\"position\":3,\"name\":\"Initiation et utilisation d\u2019une machine \u00e0 coudre\"}]},{\"@type\":\"WebSite\",\"@id\":\"https:\\\/\\\/creationsannebeauchemin.com\\\/wordpress\\\/#website\",\"url\":\"https:\\\/\\\/creationsannebeauchemin.com\\\/wordpress\\\/\",\"name\":\"Cr\u00e9ations Anne Beauchemin\",\"description\":\"Couturi\u00e8re \\\/ Mod\u00e9liste\",\"publisher\":{\"@id\":\"https:\\\/\\\/creationsannebeauchemin.com\\\/wordpress\\\/#organization\"},\"potentialAction\":[{\"@type\":\"SearchAction\",\"target\":{\"@type\":\"EntryPoint\",\"urlTemplate\":\"https:\\\/\\\/creationsannebeauchemin.com\\\/wordpress\\\/?s={search_term_string}\"},\"query-input\":{\"@type\":\"PropertyValueSpecification\",\"valueRequired\":true,\"valueName\":\"search_term_string\"}}],\"inLanguage\":\"fr-CA\"},{\"@type\":\"Organization\",\"@id\":\"https:\\\/\\\/creationsannebeauchemin.com\\\/wordpress\\\/#organization\",\"name\":\"Cr\u00e9ations Anne Beauchemin\",\"url\":\"https:\\\/\\\/creationsannebeauchemin.com\\\/wordpress\\\/\",\"logo\":{\"@type\":\"ImageObject\",\"inLanguage\":\"fr-CA\",\"@id\":\"https:\\\/\\\/creationsannebeauchemin.com\\\/wordpress\\\/#\\\/schema\\\/logo\\\/image\\\/\",\"url\":\"https:\\\/\\\/creationsannebeauchemin.com\\\/wordpress\\\/wp-content\\\/uploads\\\/2022\\\/09\\\/banniere-e1662592181451.png\",\"contentUrl\":\"https:\\\/\\\/creationsannebeauchemin.com\\\/wordpress\\\/wp-content\\\/uploads\\\/2022\\\/09\\\/banniere-e1662592181451.png\",\"width\":230,\"height\":80,\"caption\":\"Cr\u00e9ations Anne Beauchemin\"},\"image\":{\"@id\":\"https:\\\/\\\/creationsannebeauchemin.com\\\/wordpress\\\/#\\\/schema\\\/logo\\\/image\\\/\"},\"sameAs\":[\"https:\\\/\\\/www.facebook.com\\\/Creations-Anne-Beauchemin-101729951551536\\\/\"]}]}<\/script>\n<!-- \/ Yoast SEO plugin. -->","yoast_head_json":{"title":"Initiation et utilisation d\u2019une machine \u00e0 coudre - Cr\u00e9ations Anne Beauchemin","robots":{"index":"index","follow":"follow","max-snippet":"max-snippet:-1","max-image-preview":"max-image-preview:large","max-video-preview":"max-video-preview:-1"},"canonical":"https:\/\/creationsannebeauchemin.com\/wordpress\/produit\/atelier-les-bases-du-patronage-intermediaire-et-avance\/","og_locale":"fr_CA","og_type":"article","og_title":"Initiation et utilisation d\u2019une machine \u00e0 coudre - Cr\u00e9ations Anne Beauchemin","og_description":"Cet atelier s\u2019adresse \u00e0 toutes les personnes qui n\u2019ont jamais [...]","og_url":"https:\/\/creationsannebeauchemin.com\/wordpress\/produit\/atelier-les-bases-du-patronage-intermediaire-et-avance\/","og_site_name":"Cr\u00e9ations Anne Beauchemin","article_publisher":"https:\/\/www.facebook.com\/Creations-Anne-Beauchemin-101729951551536\/","article_modified_time":"2026-01-12T16:03:59+00:00","og_image":[{"width":1365,"height":2048,"url":"https:\/\/creationsannebeauchemin.com\/wordpress\/wp-content\/uploads\/2023\/03\/IMG_7453.jpg","type":"image\/jpeg"}],"twitter_card":"summary_large_image","twitter_misc":{"Estimation du temps de lecture":"2 minutes"},"schema":{"@context":"https:\/\/schema.org","@graph":[{"@type":"WebPage","@id":"https:\/\/creationsannebeauchemin.com\/wordpress\/produit\/atelier-les-bases-du-patronage-intermediaire-et-avance\/","url":"https:\/\/creationsannebeauchemin.com\/wordpress\/produit\/atelier-les-bases-du-patronage-intermediaire-et-avance\/","name":"Initiation et utilisation d\u2019une machine \u00e0 coudre - Cr\u00e9ations Anne Beauchemin","isPartOf":{"@id":"https:\/\/creationsannebeauchemin.com\/wordpress\/#website"},"primaryImageOfPage":{"@id":"https:\/\/creationsannebeauchemin.com\/wordpress\/produit\/atelier-les-bases-du-patronage-intermediaire-et-avance\/#primaryimage"},"image":{"@id":"https:\/\/creationsannebeauchemin.com\/wordpress\/produit\/atelier-les-bases-du-patronage-intermediaire-et-avance\/#primaryimage"},"thumbnailUrl":"https:\/\/creationsannebeauchemin.com\/wordpress\/wp-content\/uploads\/2023\/03\/IMG_7453.jpg","datePublished":"2025-09-28T22:08:40+00:00","dateModified":"2026-01-12T16:03:59+00:00","breadcrumb":{"@id":"https:\/\/creationsannebeauchemin.com\/wordpress\/produit\/atelier-les-bases-du-patronage-intermediaire-et-avance\/#breadcrumb"},"inLanguage":"fr-CA","potentialAction":[{"@type":"ReadAction","target":["https:\/\/creationsannebeauchemin.com\/wordpress\/produit\/atelier-les-bases-du-patronage-intermediaire-et-avance\/"]}]},{"@type":"ImageObject","inLanguage":"fr-CA","@id":"https:\/\/creationsannebeauchemin.com\/wordpress\/produit\/atelier-les-bases-du-patronage-intermediaire-et-avance\/#primaryimage","url":"https:\/\/creationsannebeauchemin.com\/wordpress\/wp-content\/uploads\/2023\/03\/IMG_7453.jpg","contentUrl":"https:\/\/creationsannebeauchemin.com\/wordpress\/wp-content\/uploads\/2023\/03\/IMG_7453.jpg","width":1365,"height":2048,"caption":"Atelier de couture"},{"@type":"BreadcrumbList","@id":"https:\/\/creationsannebeauchemin.com\/wordpress\/produit\/atelier-les-bases-du-patronage-intermediaire-et-avance\/#breadcrumb","itemListElement":[{"@type":"ListItem","position":1,"name":"Accueil","item":"https:\/\/creationsannebeauchemin.com\/wordpress\/"},{"@type":"ListItem","position":2,"name":"Boutique","item":"https:\/\/creationsannebeauchemin.com\/wordpress\/boutique\/"},{"@type":"ListItem","position":3,"name":"Initiation et utilisation d\u2019une machine \u00e0 coudre"}]},{"@type":"WebSite","@id":"https:\/\/creationsannebeauchemin.com\/wordpress\/#website","url":"https:\/\/creationsannebeauchemin.com\/wordpress\/","name":"Cr\u00e9ations Anne Beauchemin","description":"Couturi\u00e8re \/ Mod\u00e9liste","publisher":{"@id":"https:\/\/creationsannebeauchemin.com\/wordpress\/#organization"},"potentialAction":[{"@type":"SearchAction","target":{"@type":"EntryPoint","urlTemplate":"https:\/\/creationsannebeauchemin.com\/wordpress\/?s={search_term_string}"},"query-input":{"@type":"PropertyValueSpecification","valueRequired":true,"valueName":"search_term_string"}}],"inLanguage":"fr-CA"},{"@type":"Organization","@id":"https:\/\/creationsannebeauchemin.com\/wordpress\/#organization","name":"Cr\u00e9ations Anne Beauchemin","url":"https:\/\/creationsannebeauchemin.com\/wordpress\/","logo":{"@type":"ImageObject","inLanguage":"fr-CA","@id":"https:\/\/creationsannebeauchemin.com\/wordpress\/#\/schema\/logo\/image\/","url":"https:\/\/creationsannebeauchemin.com\/wordpress\/wp-content\/uploads\/2022\/09\/banniere-e1662592181451.png","contentUrl":"https:\/\/creationsannebeauchemin.com\/wordpress\/wp-content\/uploads\/2022\/09\/banniere-e1662592181451.png","width":230,"height":80,"caption":"Cr\u00e9ations Anne Beauchemin"},"image":{"@id":"https:\/\/creationsannebeauchemin.com\/wordpress\/#\/schema\/logo\/image\/"},"sameAs":["https:\/\/www.facebook.com\/Creations-Anne-Beauchemin-101729951551536\/"]}]}},"_links":{"self":[{"href":"https:\/\/creationsannebeauchemin.com\/wordpress\/wp-json\/wp\/v2\/product\/603","targetHints":{"allow":["GET"]}}],"collection":[{"href":"https:\/\/creationsannebeauchemin.com\/wordpress\/wp-json\/wp\/v2\/product"}],"about":[{"href":"https:\/\/creationsannebeauchemin.com\/wordpress\/wp-json\/wp\/v2\/types\/product"}],"wp:featuredmedia":[{"embeddable":true,"href":"https:\/\/creationsannebeauchemin.com\/wordpress\/wp-json\/wp\/v2\/media\/421"}],"wp:attachment":[{"href":"https:\/\/creationsannebeauchemin.com\/wordpress\/wp-json\/wp\/v2\/media?parent=603"}],"wp:term":[{"taxonomy":"product_brand","embeddable":true,"href":"https:\/\/creationsannebeauchemin.com\/wordpress\/wp-json\/wp\/v2\/product_brand?post=603"},{"taxonomy":"product_cat","embeddable":true,"href":"https:\/\/creationsannebeauchemin.com\/wordpress\/wp-json\/wp\/v2\/product_cat?post=603"},{"taxonomy":"product_tag","embeddable":true,"href":"https:\/\/creationsannebeauchemin.com\/wordpress\/wp-json\/wp\/v2\/product_tag?post=603"}],"curies":[{"name":"wp","href":"https:\/\/api.w.org\/{rel}","templated":true}]}}