{"id":725,"date":"2026-04-15T09:21:12","date_gmt":"2026-04-15T13:21:12","guid":{"rendered":"https:\/\/creationsannebeauchemin.com\/wordpress\/?post_type=product&#038;p=725"},"modified":"2026-04-15T09:21:12","modified_gmt":"2026-04-15T13:21:12","slug":"pantalon-lessentiel","status":"publish","type":"product","link":"https:\/\/creationsannebeauchemin.com\/wordpress\/produit\/pantalon-lessentiel\/","title":{"rendered":"Pantalon L&rsquo;Essentiel"},"content":{"rendered":"<p>L&rsquo;Essentiel, le pantalon con\u00e7u pour vous offrir confort, durabilit\u00e9 et facilit\u00e9 d\u2019entretien, fabriqu\u00e9 dans un tissu plus l\u00e9ger pour le printemps et l\u2019\u00e9t\u00e9. Il donne une allure soign\u00e9e parfaite pour la vie de tous les jours.<\/p>\n<p>Coupe\u00a0:<\/p>\n<ul>\n<li>Taille haute<\/li>\n<li>Jambe droite<\/li>\n<li>Longueur d\u2019entrejambe tailles 6 \u00e0 20 : 75,9 cm (29,5 pouces)<\/li>\n<\/ul>\n<p>D\u00e9tails\u00a0:<\/p>\n<ul>\n<li>Braguette avec fermeture \u00e9clair.<\/li>\n<li>Ceinture refermable avec bouton.<\/li>\n<li>Poches avant rectangulaire style jean.<\/li>\n<li>Veston court doubl\u00e9 mod\u00e8le num\u00e9ro BW-31PE vendu s\u00e9par\u00e9ment.<\/li>\n<\/ul>\n<p>Tissu\u00a0:<\/p>\n<ul>\n<li>M\u00e9lange 100% polyester. C\u2019est un tissu durable, doux, r\u00e9sistant \u00e0 la d\u00e9coloration, fluide et facile d\u2019entretien.<\/li>\n<\/ul>\n<p>Couleur\u00a0: Sable blanc<\/p>\n<p>Grandeurs\u00a0:<\/p>\n<p>Standard 6 \u00e0 20 ou \u00ab\u00a0Sur-Mesure\u00a0\u00bb<\/p>\n<p>Choisir la grandeur selon le guide des grandeurs.<\/p>\n<p>La grandeur\u00a0 \u00ab\u00a0Sur-Mesure\u00a0\u00bb vous est offerte avec un l\u00e9ger suppl\u00e9ment pour assurer un fit parfait selon votre morphologie. Le pantalon sera fabriqu\u00e9 selon vos mesures personnelles. Vous devrez vous pr\u00e9senter \u00e0 l&rsquo;atelier pour que nous prenions vos mesures. En choisissant \u00ab\u00a0Sur-Mesure\u00a0\u00bb, nous communiquerons avec vous pour planifier un rendez-vous.<\/p>\n<p>Composition\u00a0:<\/p>\n<ul>\n<li>100% polyester<\/li>\n<\/ul>\n<p>Entretien\u00a0:<\/p>\n<ul>\n<li>Lavable \u00e0 la machine \u00e0 l\u2019eau froide.<\/li>\n<li>Ne pas utiliser d\u2019agent de blanchissage.<\/li>\n<li>S\u00e9chage par culbutage en basse temp\u00e9rature ou Suspendre pour s\u00e9cher.<\/li>\n<li>Ne requiert pas de repassage. Si besoin, repasser \u00e0 basse temp\u00e9rature.<\/li>\n<li>Laver avec des couleurs semblables.<\/li>\n<li>Utiliser de pr\u00e9f\u00e9rence un d\u00e9tergent doux.<\/li>\n<li>Fermer les attaches et les fermoirs avant le nettoyage.<\/li>\n<\/ul>\n<p>Livraison\u00a0:<\/p>\n<p>Le temps d\u2019exp\u00e9dition peut varier de 4 \u00e0 8 semaines pour les v\u00eatements \u00ab Sur-mesure \u00bb. Le d\u00e9lai de livraison d\u00e9pend du type de v\u00eatements command\u00e9s, du tissu choisi, des options demand\u00e9es, de la disponibilit\u00e9 des couturi\u00e8res et de la demande pour les produits. Pour les v\u00eatements grandeurs standards, le d\u00e9lai peut \u00eatre plus court. Le d\u00e9lai comprend la production et la livraison du v\u00eatement.<\/p>\n<p>Nous utilisons les services de Postes Canada. Les frais de livraison seront charg\u00e9s selon la dimension, le poids du colis et l\u2019endroit o\u00f9 il doit \u00eatre livr\u00e9 plus les taxes applicables.<\/p>\n","protected":false},"excerpt":{"rendered":"<p>L&rsquo;Essentiel, le pantalon con\u00e7u pour vous offrir confort, durabilit\u00e9 et  [&#8230;]<\/p>\n","protected":false},"featured_media":622,"template":"","meta":[],"product_brand":[],"product_cat":[29],"product_tag":[],"class_list":{"0":"post-725","1":"product","2":"type-product","3":"status-publish","4":"has-post-thumbnail","6":"product_cat-pantalons","8":"first","9":"instock","10":"shipping-taxable","11":"purchasable","12":"product-type-variable","13":"rtwpvg-product"},"yoast_head":"<!-- This site is optimized with the Yoast SEO plugin v27.3 - https:\/\/yoast.com\/product\/yoast-seo-wordpress\/ -->\n<title>Pantalon L&#039;Essentiel - Cr\u00e9ations Anne Beauchemin<\/title>\n<meta name=\"description\" content=\"L&#039;Essentiel, le pantalon con\u00e7u pour vous offrir confort, durabilit\u00e9 et facilit\u00e9 d\u2019entretien, fabriqu\u00e9 dans un tissu plus l\u00e9ger pour le printemps et l\u2019\u00e9t\u00e9.\" \/>\n<meta name=\"robots\" content=\"index, follow, max-snippet:-1, max-image-preview:large, max-video-preview:-1\" \/>\n<link rel=\"canonical\" href=\"https:\/\/creationsannebeauchemin.com\/wordpress\/produit\/pantalon-lessentiel\/\" \/>\n<meta property=\"og:locale\" content=\"fr_CA\" \/>\n<meta property=\"og:type\" content=\"article\" \/>\n<meta property=\"og:title\" content=\"Pantalon L&#039;Essentiel - Cr\u00e9ations Anne Beauchemin\" \/>\n<meta property=\"og:description\" content=\"L&#039;Essentiel, le pantalon con\u00e7u pour vous offrir confort, durabilit\u00e9 et facilit\u00e9 d\u2019entretien, fabriqu\u00e9 dans un tissu plus l\u00e9ger pour le printemps et l\u2019\u00e9t\u00e9.\" \/>\n<meta property=\"og:url\" content=\"https:\/\/creationsannebeauchemin.com\/wordpress\/produit\/pantalon-lessentiel\/\" \/>\n<meta property=\"og:site_name\" content=\"Cr\u00e9ations Anne Beauchemin\" \/>\n<meta property=\"article:publisher\" content=\"https:\/\/www.facebook.com\/Creations-Anne-Beauchemin-101729951551536\/\" \/>\n<meta property=\"og:image\" content=\"https:\/\/creationsannebeauchemin.com\/wordpress\/wp-content\/uploads\/2026\/03\/Ensemble_beige_face-scaled.jpg\" \/>\n\t<meta property=\"og:image:width\" content=\"1707\" \/>\n\t<meta property=\"og:image:height\" content=\"2560\" \/>\n\t<meta property=\"og:image:type\" content=\"image\/jpeg\" \/>\n<meta name=\"twitter:card\" content=\"summary_large_image\" \/>\n<meta name=\"twitter:label1\" content=\"Estimation du temps de lecture\" \/>\n\t<meta name=\"twitter:data1\" content=\"2 minutes\" \/>\n<script type=\"application\/ld+json\" class=\"yoast-schema-graph\">{\"@context\":\"https:\\\/\\\/schema.org\",\"@graph\":[{\"@type\":\"WebPage\",\"@id\":\"https:\\\/\\\/creationsannebeauchemin.com\\\/wordpress\\\/produit\\\/pantalon-lessentiel\\\/\",\"url\":\"https:\\\/\\\/creationsannebeauchemin.com\\\/wordpress\\\/produit\\\/pantalon-lessentiel\\\/\",\"name\":\"Pantalon L'Essentiel - Cr\u00e9ations Anne Beauchemin\",\"isPartOf\":{\"@id\":\"https:\\\/\\\/creationsannebeauchemin.com\\\/wordpress\\\/#website\"},\"primaryImageOfPage\":{\"@id\":\"https:\\\/\\\/creationsannebeauchemin.com\\\/wordpress\\\/produit\\\/pantalon-lessentiel\\\/#primaryimage\"},\"image\":{\"@id\":\"https:\\\/\\\/creationsannebeauchemin.com\\\/wordpress\\\/produit\\\/pantalon-lessentiel\\\/#primaryimage\"},\"thumbnailUrl\":\"https:\\\/\\\/creationsannebeauchemin.com\\\/wordpress\\\/wp-content\\\/uploads\\\/2026\\\/03\\\/Ensemble_beige_face-scaled.jpg\",\"datePublished\":\"2026-04-15T13:21:12+00:00\",\"description\":\"L'Essentiel, le pantalon con\u00e7u pour vous offrir confort, durabilit\u00e9 et facilit\u00e9 d\u2019entretien, fabriqu\u00e9 dans un tissu plus l\u00e9ger pour le printemps et l\u2019\u00e9t\u00e9.\",\"breadcrumb\":{\"@id\":\"https:\\\/\\\/creationsannebeauchemin.com\\\/wordpress\\\/produit\\\/pantalon-lessentiel\\\/#breadcrumb\"},\"inLanguage\":\"fr-CA\",\"potentialAction\":[{\"@type\":\"ReadAction\",\"target\":[\"https:\\\/\\\/creationsannebeauchemin.com\\\/wordpress\\\/produit\\\/pantalon-lessentiel\\\/\"]}]},{\"@type\":\"ImageObject\",\"inLanguage\":\"fr-CA\",\"@id\":\"https:\\\/\\\/creationsannebeauchemin.com\\\/wordpress\\\/produit\\\/pantalon-lessentiel\\\/#primaryimage\",\"url\":\"https:\\\/\\\/creationsannebeauchemin.com\\\/wordpress\\\/wp-content\\\/uploads\\\/2026\\\/03\\\/Ensemble_beige_face-scaled.jpg\",\"contentUrl\":\"https:\\\/\\\/creationsannebeauchemin.com\\\/wordpress\\\/wp-content\\\/uploads\\\/2026\\\/03\\\/Ensemble_beige_face-scaled.jpg\",\"width\":1707,\"height\":2560},{\"@type\":\"BreadcrumbList\",\"@id\":\"https:\\\/\\\/creationsannebeauchemin.com\\\/wordpress\\\/produit\\\/pantalon-lessentiel\\\/#breadcrumb\",\"itemListElement\":[{\"@type\":\"ListItem\",\"position\":1,\"name\":\"Accueil\",\"item\":\"https:\\\/\\\/creationsannebeauchemin.com\\\/wordpress\\\/\"},{\"@type\":\"ListItem\",\"position\":2,\"name\":\"Boutique\",\"item\":\"https:\\\/\\\/creationsannebeauchemin.com\\\/wordpress\\\/boutique\\\/\"},{\"@type\":\"ListItem\",\"position\":3,\"name\":\"Pantalon L&rsquo;Essentiel\"}]},{\"@type\":\"WebSite\",\"@id\":\"https:\\\/\\\/creationsannebeauchemin.com\\\/wordpress\\\/#website\",\"url\":\"https:\\\/\\\/creationsannebeauchemin.com\\\/wordpress\\\/\",\"name\":\"Cr\u00e9ations Anne Beauchemin\",\"description\":\"Couturi\u00e8re \\\/ Mod\u00e9liste\",\"publisher\":{\"@id\":\"https:\\\/\\\/creationsannebeauchemin.com\\\/wordpress\\\/#organization\"},\"potentialAction\":[{\"@type\":\"SearchAction\",\"target\":{\"@type\":\"EntryPoint\",\"urlTemplate\":\"https:\\\/\\\/creationsannebeauchemin.com\\\/wordpress\\\/?s={search_term_string}\"},\"query-input\":{\"@type\":\"PropertyValueSpecification\",\"valueRequired\":true,\"valueName\":\"search_term_string\"}}],\"inLanguage\":\"fr-CA\"},{\"@type\":\"Organization\",\"@id\":\"https:\\\/\\\/creationsannebeauchemin.com\\\/wordpress\\\/#organization\",\"name\":\"Cr\u00e9ations Anne Beauchemin\",\"url\":\"https:\\\/\\\/creationsannebeauchemin.com\\\/wordpress\\\/\",\"logo\":{\"@type\":\"ImageObject\",\"inLanguage\":\"fr-CA\",\"@id\":\"https:\\\/\\\/creationsannebeauchemin.com\\\/wordpress\\\/#\\\/schema\\\/logo\\\/image\\\/\",\"url\":\"https:\\\/\\\/creationsannebeauchemin.com\\\/wordpress\\\/wp-content\\\/uploads\\\/2022\\\/09\\\/banniere-e1662592181451.png\",\"contentUrl\":\"https:\\\/\\\/creationsannebeauchemin.com\\\/wordpress\\\/wp-content\\\/uploads\\\/2022\\\/09\\\/banniere-e1662592181451.png\",\"width\":230,\"height\":80,\"caption\":\"Cr\u00e9ations Anne Beauchemin\"},\"image\":{\"@id\":\"https:\\\/\\\/creationsannebeauchemin.com\\\/wordpress\\\/#\\\/schema\\\/logo\\\/image\\\/\"},\"sameAs\":[\"https:\\\/\\\/www.facebook.com\\\/Creations-Anne-Beauchemin-101729951551536\\\/\"]}]}<\/script>\n<!-- \/ Yoast SEO plugin. -->","yoast_head_json":{"title":"Pantalon L'Essentiel - Cr\u00e9ations Anne Beauchemin","description":"L'Essentiel, le pantalon con\u00e7u pour vous offrir confort, durabilit\u00e9 et facilit\u00e9 d\u2019entretien, fabriqu\u00e9 dans un tissu plus l\u00e9ger pour le printemps et l\u2019\u00e9t\u00e9.","robots":{"index":"index","follow":"follow","max-snippet":"max-snippet:-1","max-image-preview":"max-image-preview:large","max-video-preview":"max-video-preview:-1"},"canonical":"https:\/\/creationsannebeauchemin.com\/wordpress\/produit\/pantalon-lessentiel\/","og_locale":"fr_CA","og_type":"article","og_title":"Pantalon L'Essentiel - Cr\u00e9ations Anne Beauchemin","og_description":"L'Essentiel, le pantalon con\u00e7u pour vous offrir confort, durabilit\u00e9 et facilit\u00e9 d\u2019entretien, fabriqu\u00e9 dans un tissu plus l\u00e9ger pour le printemps et l\u2019\u00e9t\u00e9.","og_url":"https:\/\/creationsannebeauchemin.com\/wordpress\/produit\/pantalon-lessentiel\/","og_site_name":"Cr\u00e9ations Anne Beauchemin","article_publisher":"https:\/\/www.facebook.com\/Creations-Anne-Beauchemin-101729951551536\/","og_image":[{"width":1707,"height":2560,"url":"https:\/\/creationsannebeauchemin.com\/wordpress\/wp-content\/uploads\/2026\/03\/Ensemble_beige_face-scaled.jpg","type":"image\/jpeg"}],"twitter_card":"summary_large_image","twitter_misc":{"Estimation du temps de lecture":"2 minutes"},"schema":{"@context":"https:\/\/schema.org","@graph":[{"@type":"WebPage","@id":"https:\/\/creationsannebeauchemin.com\/wordpress\/produit\/pantalon-lessentiel\/","url":"https:\/\/creationsannebeauchemin.com\/wordpress\/produit\/pantalon-lessentiel\/","name":"Pantalon L'Essentiel - Cr\u00e9ations Anne Beauchemin","isPartOf":{"@id":"https:\/\/creationsannebeauchemin.com\/wordpress\/#website"},"primaryImageOfPage":{"@id":"https:\/\/creationsannebeauchemin.com\/wordpress\/produit\/pantalon-lessentiel\/#primaryimage"},"image":{"@id":"https:\/\/creationsannebeauchemin.com\/wordpress\/produit\/pantalon-lessentiel\/#primaryimage"},"thumbnailUrl":"https:\/\/creationsannebeauchemin.com\/wordpress\/wp-content\/uploads\/2026\/03\/Ensemble_beige_face-scaled.jpg","datePublished":"2026-04-15T13:21:12+00:00","description":"L'Essentiel, le pantalon con\u00e7u pour vous offrir confort, durabilit\u00e9 et facilit\u00e9 d\u2019entretien, fabriqu\u00e9 dans un tissu plus l\u00e9ger pour le printemps et l\u2019\u00e9t\u00e9.","breadcrumb":{"@id":"https:\/\/creationsannebeauchemin.com\/wordpress\/produit\/pantalon-lessentiel\/#breadcrumb"},"inLanguage":"fr-CA","potentialAction":[{"@type":"ReadAction","target":["https:\/\/creationsannebeauchemin.com\/wordpress\/produit\/pantalon-lessentiel\/"]}]},{"@type":"ImageObject","inLanguage":"fr-CA","@id":"https:\/\/creationsannebeauchemin.com\/wordpress\/produit\/pantalon-lessentiel\/#primaryimage","url":"https:\/\/creationsannebeauchemin.com\/wordpress\/wp-content\/uploads\/2026\/03\/Ensemble_beige_face-scaled.jpg","contentUrl":"https:\/\/creationsannebeauchemin.com\/wordpress\/wp-content\/uploads\/2026\/03\/Ensemble_beige_face-scaled.jpg","width":1707,"height":2560},{"@type":"BreadcrumbList","@id":"https:\/\/creationsannebeauchemin.com\/wordpress\/produit\/pantalon-lessentiel\/#breadcrumb","itemListElement":[{"@type":"ListItem","position":1,"name":"Accueil","item":"https:\/\/creationsannebeauchemin.com\/wordpress\/"},{"@type":"ListItem","position":2,"name":"Boutique","item":"https:\/\/creationsannebeauchemin.com\/wordpress\/boutique\/"},{"@type":"ListItem","position":3,"name":"Pantalon L&rsquo;Essentiel"}]},{"@type":"WebSite","@id":"https:\/\/creationsannebeauchemin.com\/wordpress\/#website","url":"https:\/\/creationsannebeauchemin.com\/wordpress\/","name":"Cr\u00e9ations Anne Beauchemin","description":"Couturi\u00e8re \/ Mod\u00e9liste","publisher":{"@id":"https:\/\/creationsannebeauchemin.com\/wordpress\/#organization"},"potentialAction":[{"@type":"SearchAction","target":{"@type":"EntryPoint","urlTemplate":"https:\/\/creationsannebeauchemin.com\/wordpress\/?s={search_term_string}"},"query-input":{"@type":"PropertyValueSpecification","valueRequired":true,"valueName":"search_term_string"}}],"inLanguage":"fr-CA"},{"@type":"Organization","@id":"https:\/\/creationsannebeauchemin.com\/wordpress\/#organization","name":"Cr\u00e9ations Anne Beauchemin","url":"https:\/\/creationsannebeauchemin.com\/wordpress\/","logo":{"@type":"ImageObject","inLanguage":"fr-CA","@id":"https:\/\/creationsannebeauchemin.com\/wordpress\/#\/schema\/logo\/image\/","url":"https:\/\/creationsannebeauchemin.com\/wordpress\/wp-content\/uploads\/2022\/09\/banniere-e1662592181451.png","contentUrl":"https:\/\/creationsannebeauchemin.com\/wordpress\/wp-content\/uploads\/2022\/09\/banniere-e1662592181451.png","width":230,"height":80,"caption":"Cr\u00e9ations Anne Beauchemin"},"image":{"@id":"https:\/\/creationsannebeauchemin.com\/wordpress\/#\/schema\/logo\/image\/"},"sameAs":["https:\/\/www.facebook.com\/Creations-Anne-Beauchemin-101729951551536\/"]}]}},"_links":{"self":[{"href":"https:\/\/creationsannebeauchemin.com\/wordpress\/wp-json\/wp\/v2\/product\/725","targetHints":{"allow":["GET"]}}],"collection":[{"href":"https:\/\/creationsannebeauchemin.com\/wordpress\/wp-json\/wp\/v2\/product"}],"about":[{"href":"https:\/\/creationsannebeauchemin.com\/wordpress\/wp-json\/wp\/v2\/types\/product"}],"wp:featuredmedia":[{"embeddable":true,"href":"https:\/\/creationsannebeauchemin.com\/wordpress\/wp-json\/wp\/v2\/media\/622"}],"wp:attachment":[{"href":"https:\/\/creationsannebeauchemin.com\/wordpress\/wp-json\/wp\/v2\/media?parent=725"}],"wp:term":[{"taxonomy":"product_brand","embeddable":true,"href":"https:\/\/creationsannebeauchemin.com\/wordpress\/wp-json\/wp\/v2\/product_brand?post=725"},{"taxonomy":"product_cat","embeddable":true,"href":"https:\/\/creationsannebeauchemin.com\/wordpress\/wp-json\/wp\/v2\/product_cat?post=725"},{"taxonomy":"product_tag","embeddable":true,"href":"https:\/\/creationsannebeauchemin.com\/wordpress\/wp-json\/wp\/v2\/product_tag?post=725"}],"curies":[{"name":"wp","href":"https:\/\/api.w.org\/{rel}","templated":true}]}}