{"id":756,"date":"2026-04-15T09:32:00","date_gmt":"2026-04-15T13:32:00","guid":{"rendered":"https:\/\/creationsannebeauchemin.com\/wordpress\/?post_type=product&#038;p=756"},"modified":"2026-04-15T09:32:00","modified_gmt":"2026-04-15T13:32:00","slug":"blouse-chemise-pour-femme","status":"publish","type":"product","link":"https:\/\/creationsannebeauchemin.com\/wordpress\/produit\/blouse-chemise-pour-femme\/","title":{"rendered":"Le Daphn\u00e9"},"content":{"rendered":"<p>Le chic \u00e0 son meilleur pour toute saison. Tel le Daphn\u00e9, la chemise d\u00e9gage raffinement, souligne l\u00e9g\u00e8rement la silhouette et conf\u00e8re un confort et une \u00e9l\u00e9gance sans \u00e9gal. Elle peut \u00eatre port\u00e9 en toute occasion et saison et dans la vie de tous les jours.<\/p>\n<p>Coupe\u00a0:<\/p>\n<ul>\n<li>Coupe semi-cintr\u00e9e<\/li>\n<li>Col ch\u00e2le<\/li>\n<\/ul>\n<p>D\u00e9tails\u00a0:<\/p>\n<ul>\n<li>Longueur aux hanches<\/li>\n<li>Col ch\u00e2le<\/li>\n<li>Manches longues bouffantes avec manchons et boutons d\u00e9coratifs<\/li>\n<li>Attache\u00a0: 1 boutonni\u00e8re et 1 bouton<\/li>\n<li>Le chemisier est port\u00e9 en coordonn\u00e9 avec la jupe mod\u00e8le num\u00e9ro BW-33 vendue s\u00e9par\u00e9ment.<\/li>\n<\/ul>\n<p>Tissu\u00a0:<\/p>\n<ul>\n<li>M\u00e9lange 100% polyester. C\u2019est un tissu durable, doux, r\u00e9sistant \u00e0 la d\u00e9coloration, fluide et facile d\u2019entretien<\/li>\n<\/ul>\n<p>&nbsp;<\/p>\n<p>Couleur : Bleu jeans<\/p>\n<p>&nbsp;<\/p>\n<p>Grandeurs\u00a0:<\/p>\n<p>Standard 6 \u00e0 20 ou \u00ab\u00a0Sur-Mesure\u00a0\u00bb<\/p>\n<p>Choisir la grandeur selon le guide des grandeurs.<\/p>\n<p>La grandeur \u00ab\u00a0Sur-Mesure\u00a0\u00bb est un service de conception qui vous est offert avec un l\u00e9ger suppl\u00e9ment pour assurer un fit parfait selon votre morphologie. La blouse sera fabriqu\u00e9e selon vos mesures personnelles. Vous devrez vous pr\u00e9senter \u00e0 l&rsquo;atelier pour la prise de vos mesures. En choisissant \u00ab\u00a0Sur-Mesure\u00a0\u00bb, nous communiquerons avec vous pour planifier un rendez-vous.<\/p>\n<p>&nbsp;<\/p>\n<p>Composition\u00a0:<\/p>\n<ul>\n<li>100% polyester<\/li>\n<\/ul>\n<p>Entretien\u00a0:<\/p>\n<ul>\n<li>Lavable \u00e0 la machine \u00e0 l\u2019eau froide.<\/li>\n<li>Ne pas utiliser d\u2019agent de blanchissage.<\/li>\n<li>S\u00e9chage par culbutage en basse temp\u00e9rature ou Suspendre pour s\u00e9cher.<\/li>\n<li>Ne requiert pas de repassage. Si besoin, repasser \u00e0 basse temp\u00e9rature.<\/li>\n<li>Laver avec des couleurs semblables.<\/li>\n<li>Utiliser de pr\u00e9f\u00e9rence un d\u00e9tergent doux.<\/li>\n<li>Fermer les attaches et les fermoirs avant le nettoyage.<\/li>\n<\/ul>\n<p>&nbsp;<\/p>\n<p>Livraison\u00a0:<\/p>\n<p>Le temps d\u2019exp\u00e9dition peut varier de 4 \u00e0 8 semaines pour les v\u00eatements \u00ab\u00a0Sur-mesure\u00a0\u00bb. Le d\u00e9lai de livraison d\u00e9pend du type de v\u00eatements command\u00e9s, du tissu choisi, des options demand\u00e9es, de la disponibilit\u00e9 des couturi\u00e8res et de la demande pour les produits. Pour les v\u00eatements grandeurs standards, le d\u00e9lai peut \u00eatre plus court. Le d\u00e9lai comprend la production et la livraison du v\u00eatement.<\/p>\n<p>Nous utilisons les services de Postes Canada. Les frais de livraison seront charg\u00e9s selon la dimension, le poids du colis et l\u2019endroit o\u00f9 il doit \u00eatre livr\u00e9 plus les taxes applicables.<\/p>\n","protected":false},"excerpt":{"rendered":"<p>Le chic \u00e0 son meilleur pour toute saison. Tel le  [&#8230;]<\/p>\n","protected":false},"featured_media":624,"template":"","meta":[],"product_brand":[],"product_cat":[32,33,31],"product_tag":[],"class_list":{"0":"post-756","1":"product","2":"type-product","3":"status-publish","4":"has-post-thumbnail","6":"product_cat-blouses","7":"product_cat-chemises","8":"product_cat-hauts","10":"first","11":"instock","12":"shipping-taxable","13":"purchasable","14":"product-type-variable","15":"rtwpvg-product"},"yoast_head":"<!-- This site is optimized with the Yoast SEO plugin v27.3 - https:\/\/yoast.com\/product\/yoast-seo-wordpress\/ -->\n<title>Le Daphn\u00e9 - Cr\u00e9ations Anne Beauchemin<\/title>\n<meta name=\"description\" content=\"Blouse 4 saisons, col ch\u00e2le et manches longues bouffantes.\" \/>\n<meta name=\"robots\" content=\"index, follow, max-snippet:-1, max-image-preview:large, max-video-preview:-1\" \/>\n<link rel=\"canonical\" href=\"https:\/\/creationsannebeauchemin.com\/wordpress\/produit\/blouse-chemise-pour-femme\/\" \/>\n<meta property=\"og:locale\" content=\"fr_CA\" \/>\n<meta property=\"og:type\" content=\"article\" \/>\n<meta property=\"og:title\" content=\"Le Daphn\u00e9 - Cr\u00e9ations Anne Beauchemin\" \/>\n<meta property=\"og:description\" content=\"Blouse 4 saisons, col ch\u00e2le et manches longues bouffantes.\" \/>\n<meta property=\"og:url\" content=\"https:\/\/creationsannebeauchemin.com\/wordpress\/produit\/blouse-chemise-pour-femme\/\" \/>\n<meta property=\"og:site_name\" content=\"Cr\u00e9ations Anne Beauchemin\" \/>\n<meta property=\"article:publisher\" content=\"https:\/\/www.facebook.com\/Creations-Anne-Beauchemin-101729951551536\/\" \/>\n<meta property=\"og:image\" content=\"https:\/\/creationsannebeauchemin.com\/wordpress\/wp-content\/uploads\/2026\/03\/Ensemble_bleu_face-scaled.jpg\" \/>\n\t<meta property=\"og:image:width\" content=\"1707\" \/>\n\t<meta property=\"og:image:height\" content=\"2560\" \/>\n\t<meta property=\"og:image:type\" content=\"image\/jpeg\" \/>\n<meta name=\"twitter:card\" content=\"summary_large_image\" \/>\n<meta name=\"twitter:label1\" content=\"Estimation du temps de lecture\" \/>\n\t<meta name=\"twitter:data1\" content=\"2 minutes\" \/>\n<script type=\"application\/ld+json\" class=\"yoast-schema-graph\">{\"@context\":\"https:\\\/\\\/schema.org\",\"@graph\":[{\"@type\":\"WebPage\",\"@id\":\"https:\\\/\\\/creationsannebeauchemin.com\\\/wordpress\\\/produit\\\/blouse-chemise-pour-femme\\\/\",\"url\":\"https:\\\/\\\/creationsannebeauchemin.com\\\/wordpress\\\/produit\\\/blouse-chemise-pour-femme\\\/\",\"name\":\"Le Daphn\u00e9 - Cr\u00e9ations Anne Beauchemin\",\"isPartOf\":{\"@id\":\"https:\\\/\\\/creationsannebeauchemin.com\\\/wordpress\\\/#website\"},\"primaryImageOfPage\":{\"@id\":\"https:\\\/\\\/creationsannebeauchemin.com\\\/wordpress\\\/produit\\\/blouse-chemise-pour-femme\\\/#primaryimage\"},\"image\":{\"@id\":\"https:\\\/\\\/creationsannebeauchemin.com\\\/wordpress\\\/produit\\\/blouse-chemise-pour-femme\\\/#primaryimage\"},\"thumbnailUrl\":\"https:\\\/\\\/creationsannebeauchemin.com\\\/wordpress\\\/wp-content\\\/uploads\\\/2026\\\/03\\\/Ensemble_bleu_face-scaled.jpg\",\"datePublished\":\"2026-04-15T13:32:00+00:00\",\"description\":\"Blouse 4 saisons, col ch\u00e2le et manches longues bouffantes.\",\"breadcrumb\":{\"@id\":\"https:\\\/\\\/creationsannebeauchemin.com\\\/wordpress\\\/produit\\\/blouse-chemise-pour-femme\\\/#breadcrumb\"},\"inLanguage\":\"fr-CA\",\"potentialAction\":[{\"@type\":\"ReadAction\",\"target\":[\"https:\\\/\\\/creationsannebeauchemin.com\\\/wordpress\\\/produit\\\/blouse-chemise-pour-femme\\\/\"]}]},{\"@type\":\"ImageObject\",\"inLanguage\":\"fr-CA\",\"@id\":\"https:\\\/\\\/creationsannebeauchemin.com\\\/wordpress\\\/produit\\\/blouse-chemise-pour-femme\\\/#primaryimage\",\"url\":\"https:\\\/\\\/creationsannebeauchemin.com\\\/wordpress\\\/wp-content\\\/uploads\\\/2026\\\/03\\\/Ensemble_bleu_face-scaled.jpg\",\"contentUrl\":\"https:\\\/\\\/creationsannebeauchemin.com\\\/wordpress\\\/wp-content\\\/uploads\\\/2026\\\/03\\\/Ensemble_bleu_face-scaled.jpg\",\"width\":1707,\"height\":2560},{\"@type\":\"BreadcrumbList\",\"@id\":\"https:\\\/\\\/creationsannebeauchemin.com\\\/wordpress\\\/produit\\\/blouse-chemise-pour-femme\\\/#breadcrumb\",\"itemListElement\":[{\"@type\":\"ListItem\",\"position\":1,\"name\":\"Accueil\",\"item\":\"https:\\\/\\\/creationsannebeauchemin.com\\\/wordpress\\\/\"},{\"@type\":\"ListItem\",\"position\":2,\"name\":\"Boutique\",\"item\":\"https:\\\/\\\/creationsannebeauchemin.com\\\/wordpress\\\/boutique\\\/\"},{\"@type\":\"ListItem\",\"position\":3,\"name\":\"Le Daphn\u00e9\"}]},{\"@type\":\"WebSite\",\"@id\":\"https:\\\/\\\/creationsannebeauchemin.com\\\/wordpress\\\/#website\",\"url\":\"https:\\\/\\\/creationsannebeauchemin.com\\\/wordpress\\\/\",\"name\":\"Cr\u00e9ations Anne Beauchemin\",\"description\":\"Couturi\u00e8re \\\/ Mod\u00e9liste\",\"publisher\":{\"@id\":\"https:\\\/\\\/creationsannebeauchemin.com\\\/wordpress\\\/#organization\"},\"potentialAction\":[{\"@type\":\"SearchAction\",\"target\":{\"@type\":\"EntryPoint\",\"urlTemplate\":\"https:\\\/\\\/creationsannebeauchemin.com\\\/wordpress\\\/?s={search_term_string}\"},\"query-input\":{\"@type\":\"PropertyValueSpecification\",\"valueRequired\":true,\"valueName\":\"search_term_string\"}}],\"inLanguage\":\"fr-CA\"},{\"@type\":\"Organization\",\"@id\":\"https:\\\/\\\/creationsannebeauchemin.com\\\/wordpress\\\/#organization\",\"name\":\"Cr\u00e9ations Anne Beauchemin\",\"url\":\"https:\\\/\\\/creationsannebeauchemin.com\\\/wordpress\\\/\",\"logo\":{\"@type\":\"ImageObject\",\"inLanguage\":\"fr-CA\",\"@id\":\"https:\\\/\\\/creationsannebeauchemin.com\\\/wordpress\\\/#\\\/schema\\\/logo\\\/image\\\/\",\"url\":\"https:\\\/\\\/creationsannebeauchemin.com\\\/wordpress\\\/wp-content\\\/uploads\\\/2022\\\/09\\\/banniere-e1662592181451.png\",\"contentUrl\":\"https:\\\/\\\/creationsannebeauchemin.com\\\/wordpress\\\/wp-content\\\/uploads\\\/2022\\\/09\\\/banniere-e1662592181451.png\",\"width\":230,\"height\":80,\"caption\":\"Cr\u00e9ations Anne Beauchemin\"},\"image\":{\"@id\":\"https:\\\/\\\/creationsannebeauchemin.com\\\/wordpress\\\/#\\\/schema\\\/logo\\\/image\\\/\"},\"sameAs\":[\"https:\\\/\\\/www.facebook.com\\\/Creations-Anne-Beauchemin-101729951551536\\\/\"]}]}<\/script>\n<!-- \/ Yoast SEO plugin. -->","yoast_head_json":{"title":"Le Daphn\u00e9 - Cr\u00e9ations Anne Beauchemin","description":"Blouse 4 saisons, col ch\u00e2le et manches longues bouffantes.","robots":{"index":"index","follow":"follow","max-snippet":"max-snippet:-1","max-image-preview":"max-image-preview:large","max-video-preview":"max-video-preview:-1"},"canonical":"https:\/\/creationsannebeauchemin.com\/wordpress\/produit\/blouse-chemise-pour-femme\/","og_locale":"fr_CA","og_type":"article","og_title":"Le Daphn\u00e9 - Cr\u00e9ations Anne Beauchemin","og_description":"Blouse 4 saisons, col ch\u00e2le et manches longues bouffantes.","og_url":"https:\/\/creationsannebeauchemin.com\/wordpress\/produit\/blouse-chemise-pour-femme\/","og_site_name":"Cr\u00e9ations Anne Beauchemin","article_publisher":"https:\/\/www.facebook.com\/Creations-Anne-Beauchemin-101729951551536\/","og_image":[{"width":1707,"height":2560,"url":"https:\/\/creationsannebeauchemin.com\/wordpress\/wp-content\/uploads\/2026\/03\/Ensemble_bleu_face-scaled.jpg","type":"image\/jpeg"}],"twitter_card":"summary_large_image","twitter_misc":{"Estimation du temps de lecture":"2 minutes"},"schema":{"@context":"https:\/\/schema.org","@graph":[{"@type":"WebPage","@id":"https:\/\/creationsannebeauchemin.com\/wordpress\/produit\/blouse-chemise-pour-femme\/","url":"https:\/\/creationsannebeauchemin.com\/wordpress\/produit\/blouse-chemise-pour-femme\/","name":"Le Daphn\u00e9 - Cr\u00e9ations Anne Beauchemin","isPartOf":{"@id":"https:\/\/creationsannebeauchemin.com\/wordpress\/#website"},"primaryImageOfPage":{"@id":"https:\/\/creationsannebeauchemin.com\/wordpress\/produit\/blouse-chemise-pour-femme\/#primaryimage"},"image":{"@id":"https:\/\/creationsannebeauchemin.com\/wordpress\/produit\/blouse-chemise-pour-femme\/#primaryimage"},"thumbnailUrl":"https:\/\/creationsannebeauchemin.com\/wordpress\/wp-content\/uploads\/2026\/03\/Ensemble_bleu_face-scaled.jpg","datePublished":"2026-04-15T13:32:00+00:00","description":"Blouse 4 saisons, col ch\u00e2le et manches longues bouffantes.","breadcrumb":{"@id":"https:\/\/creationsannebeauchemin.com\/wordpress\/produit\/blouse-chemise-pour-femme\/#breadcrumb"},"inLanguage":"fr-CA","potentialAction":[{"@type":"ReadAction","target":["https:\/\/creationsannebeauchemin.com\/wordpress\/produit\/blouse-chemise-pour-femme\/"]}]},{"@type":"ImageObject","inLanguage":"fr-CA","@id":"https:\/\/creationsannebeauchemin.com\/wordpress\/produit\/blouse-chemise-pour-femme\/#primaryimage","url":"https:\/\/creationsannebeauchemin.com\/wordpress\/wp-content\/uploads\/2026\/03\/Ensemble_bleu_face-scaled.jpg","contentUrl":"https:\/\/creationsannebeauchemin.com\/wordpress\/wp-content\/uploads\/2026\/03\/Ensemble_bleu_face-scaled.jpg","width":1707,"height":2560},{"@type":"BreadcrumbList","@id":"https:\/\/creationsannebeauchemin.com\/wordpress\/produit\/blouse-chemise-pour-femme\/#breadcrumb","itemListElement":[{"@type":"ListItem","position":1,"name":"Accueil","item":"https:\/\/creationsannebeauchemin.com\/wordpress\/"},{"@type":"ListItem","position":2,"name":"Boutique","item":"https:\/\/creationsannebeauchemin.com\/wordpress\/boutique\/"},{"@type":"ListItem","position":3,"name":"Le Daphn\u00e9"}]},{"@type":"WebSite","@id":"https:\/\/creationsannebeauchemin.com\/wordpress\/#website","url":"https:\/\/creationsannebeauchemin.com\/wordpress\/","name":"Cr\u00e9ations Anne Beauchemin","description":"Couturi\u00e8re \/ Mod\u00e9liste","publisher":{"@id":"https:\/\/creationsannebeauchemin.com\/wordpress\/#organization"},"potentialAction":[{"@type":"SearchAction","target":{"@type":"EntryPoint","urlTemplate":"https:\/\/creationsannebeauchemin.com\/wordpress\/?s={search_term_string}"},"query-input":{"@type":"PropertyValueSpecification","valueRequired":true,"valueName":"search_term_string"}}],"inLanguage":"fr-CA"},{"@type":"Organization","@id":"https:\/\/creationsannebeauchemin.com\/wordpress\/#organization","name":"Cr\u00e9ations Anne Beauchemin","url":"https:\/\/creationsannebeauchemin.com\/wordpress\/","logo":{"@type":"ImageObject","inLanguage":"fr-CA","@id":"https:\/\/creationsannebeauchemin.com\/wordpress\/#\/schema\/logo\/image\/","url":"https:\/\/creationsannebeauchemin.com\/wordpress\/wp-content\/uploads\/2022\/09\/banniere-e1662592181451.png","contentUrl":"https:\/\/creationsannebeauchemin.com\/wordpress\/wp-content\/uploads\/2022\/09\/banniere-e1662592181451.png","width":230,"height":80,"caption":"Cr\u00e9ations Anne Beauchemin"},"image":{"@id":"https:\/\/creationsannebeauchemin.com\/wordpress\/#\/schema\/logo\/image\/"},"sameAs":["https:\/\/www.facebook.com\/Creations-Anne-Beauchemin-101729951551536\/"]}]}},"_links":{"self":[{"href":"https:\/\/creationsannebeauchemin.com\/wordpress\/wp-json\/wp\/v2\/product\/756","targetHints":{"allow":["GET"]}}],"collection":[{"href":"https:\/\/creationsannebeauchemin.com\/wordpress\/wp-json\/wp\/v2\/product"}],"about":[{"href":"https:\/\/creationsannebeauchemin.com\/wordpress\/wp-json\/wp\/v2\/types\/product"}],"wp:featuredmedia":[{"embeddable":true,"href":"https:\/\/creationsannebeauchemin.com\/wordpress\/wp-json\/wp\/v2\/media\/624"}],"wp:attachment":[{"href":"https:\/\/creationsannebeauchemin.com\/wordpress\/wp-json\/wp\/v2\/media?parent=756"}],"wp:term":[{"taxonomy":"product_brand","embeddable":true,"href":"https:\/\/creationsannebeauchemin.com\/wordpress\/wp-json\/wp\/v2\/product_brand?post=756"},{"taxonomy":"product_cat","embeddable":true,"href":"https:\/\/creationsannebeauchemin.com\/wordpress\/wp-json\/wp\/v2\/product_cat?post=756"},{"taxonomy":"product_tag","embeddable":true,"href":"https:\/\/creationsannebeauchemin.com\/wordpress\/wp-json\/wp\/v2\/product_tag?post=756"}],"curies":[{"name":"wp","href":"https:\/\/api.w.org\/{rel}","templated":true}]}}